
{"id":8400,"date":"2024-06-25T12:00:09","date_gmt":"2024-06-25T12:00:09","guid":{"rendered":"https:\/\/www.aguram.org\/aguram\/?page_id=8400"},"modified":"2024-07-18T13:43:19","modified_gmt":"2024-07-18T13:43:19","slug":"transfrontalier","status":"publish","type":"page","link":"https:\/\/www.aguram.org\/aguram\/publications\/transfrontalier\/","title":{"rendered":"transfrontalier"},"content":{"rendered":"<p><h2 class=\"uk-text-center uk-scrollspy-inview uk-animation-fade\" uk-scrollspy-class=\"\">LA COLLECTION de l&rsquo;observatoire Transfrontalier<\/h2>\n<\/p>\n<p><strong>La proximit\u00e9 des fronti\u00e8res est une opportunit\u00e9 pour le Nord-Lorraine, dont les r\u00e9sidents sont chaque ann\u00e9e plus nombreux \u00e0 les traverser pour travailler. L\u2019ampleur du ph\u00e9nom\u00e8ne en fait cependant, \u00e0 certains \u00e9gards, un d\u00e9fi pour les collectivit\u00e9s. Avec l\u2019Observatoire territorial transfrontalier, l\u2019AGURAM propose, en partenariat avec l\u2019Eurom\u00e9tropole de Metz, un nouvel outil pour identifier et mieux comprendre ces d\u00e9fis.\u00a0<\/strong><\/p>\n<p>L\u2019objectif de notre observatoire est de proposer r\u00e9guli\u00e8rement des analyses sur l\u2019ensemble des probl\u00e9matiques territoriales d\u2019un ph\u00e9nom\u00e8ne transfrontalier qui ne se limite pas \u2013 loin de l\u00e0 \u2013 au travail : mobilit\u00e9, logement, pouvoir d\u2019achat, attractivit\u00e9 et autres contraintes ou opportunit\u00e9s.<\/p>\n<p><!-- {\"name\":\"\",\"type\":\"layout\",\"children\":[{\"name\":\"Ent\\u00eate publications\",\"type\":\"section\",\"props\":{\"width\":\"\",\"padding\":\"none\",\"style\":\"secondary\",\"text_color\":\"light\",\"media\":\"images\\\/home-header.jpg\",\"height_viewport\":true,\"header_overlay\":\"light\",\"image\":\"\",\"media_advanced\":true,\"image_size\":\"cover\",\"media_background\":null,\"media_overlay\":null,\"height\":\"expand\",\"animation\":\"fade\",\"header_transparent\":\"\",\"image_position\":\"\",\"image_fixed\":false,\"class\":\"\",\"overlap\":true,\"vertical_align\":\"\",\"title_position\":\"top-left\",\"title_rotation\":\"left\",\"title_breakpoint\":\"xl\"},\"children\":[{\"name\":\"\",\"type\":\"row\",\"props\":{\"layout\":\"1-1\",\"breakpoint\":\"\",\"fixed_width\":\"large\",\"match\":false,\"margin\":\"remove-vertical\"},\"children\":[{\"name\":\"\",\"type\":\"column\",\"props\":{\"image_position\":\"center-center\",\"widths\":[\"1-1\"]},\"children\":[{\"name\":\"\",\"type\":\"image\",\"props\":{\"margin\":\"default\",\"image\":\"wp-content\\\/uploads\\\/2024\\\/07\\\/bandeau_transfrontalier-01-1.png\"}}]}]}]},{\"name\":\"Page Publications\",\"type\":\"section\",\"props\":{\"style\":\"default\",\"width\":\"default\",\"vertical_align\":\"middle\",\"title_position\":\"top-left\",\"title_rotation\":\"left\",\"title_breakpoint\":\"xl\",\"image_position\":\"center-center\",\"animation\":\"fade\",\"padding_remove_bottom\":true},\"children\":[{\"name\":\"\",\"type\":\"row\",\"props\":{\"fixed_width\":\"large\",\"breakpoint\":\"m\",\"layout\":\"1-1\",\"margin\":\"\"},\"children\":[{\"name\":\"\",\"type\":\"column\",\"props\":{\"widths\":[\"1-1\"],\"image_position\":\"center-center\"},\"children\":[{\"name\":\"Planification & projets de territoire\",\"type\":\"headline\",\"props\":{\"title_element\":\"h2\",\"content\":\"\n\n<h2 class=\\\"uk-text-center uk-scrollspy-inview uk-animation-fade\\\" uk-scrollspy-class=\\\"\\\">LA COLLECTION de l'observatoire Transfrontalier<\\\/h2>\",\"text_align\":\"center\"}},{\"name\":\"\",\"type\":\"divider\",\"props\":{\"divider_element\":\"hr\",\"divider_style\":\"icon\",\"margin\":\"\",\"maxwidth\":\"medium\",\"maxwidth_align\":\"center\"}},{\"name\":\"\",\"type\":\"text\",\"props\":{\"margin\":\"default\",\"column_breakpoint\":\"m\",\"content\":\"\n\n<p><strong>La proximit\\u00e9 des fronti\\u00e8res est une opportunit\\u00e9 pour le Nord-Lorraine, dont les r\\u00e9sidents sont chaque ann\\u00e9e plus nombreux \\u00e0 les traverser pour travailler. L\\u2019ampleur du ph\\u00e9nom\\u00e8ne en fait cependant, \\u00e0 certains \\u00e9gards, un d\\u00e9fi pour les collectivit\\u00e9s. Avec l\\u2019Observatoire territorial transfrontalier, l\\u2019AGURAM propose, en partenariat avec l\\u2019Eurom\\u00e9tropole de Metz, un nouvel outil pour identifier et mieux comprendre ces d\\u00e9fis.\\u00a0<\\\/strong><\\\/p>\\n\n\n<p>L\\u2019objectif de notre observatoire est de proposer r\\u00e9guli\\u00e8rement des analyses sur l\\u2019ensemble des probl\\u00e9matiques territoriales d\\u2019un ph\\u00e9nom\\u00e8ne transfrontalier qui ne se limite pas \\u2013 loin de l\\u00e0 \\u2013 au travail : mobilit\\u00e9, logement, pouvoir d\\u2019achat, attractivit\\u00e9 et autres contraintes ou opportunit\\u00e9s.<\\\/p>\",\"text_align\":\"center\"}}]}]}]},{\"name\":\"Pages Publications\",\"type\":\"section\",\"props\":{\"style\":\"default\",\"width\":\"expand\",\"vertical_align\":\"middle\",\"title_position\":\"top-left\",\"title_rotation\":\"left\",\"title_breakpoint\":\"xl\",\"image_position\":\"center-center\",\"animation\":\"fade\",\"animation_delay\":true},\"children\":[{\"name\":\"\",\"type\":\"row\",\"props\":{\"fixed_width\":\"large\",\"breakpoint\":\"m\",\"layout\":\"1-1\",\"match\":false,\"width\":\"default\",\"gutter\":\"collapse\",\"margin\":\"remove-vertical\",\"vertical_align\":false},\"children\":[{\"name\":\"\",\"type\":\"column\",\"props\":{\"widths\":[\"1-1\"],\"image_position\":\"center-center\"},\"children\":[{\"name\":\"\",\"type\":\"wordpress_widget\",\"props\":{\"menu_style\":\"nav\",\"widget\":\"widgetkit-40\",\"type\":\"widgetkit\"}}]}]}]}]} --><\/p>\n","protected":false},"excerpt":{"rendered":"<p>LA COLLECTION de l&rsquo;observatoire Transfrontalier La proximit\u00e9 des fronti\u00e8res est une opportunit\u00e9 pour le Nord-Lorraine, dont les r\u00e9sidents sont chaque ann\u00e9e plus nombreux \u00e0 les traverser pour travailler. L\u2019ampleur du ph\u00e9nom\u00e8ne en fait cependant, \u00e0 certains \u00e9gards, un d\u00e9fi pour les collectivit\u00e9s. Avec l\u2019Observatoire territorial transfrontalier, l\u2019AGURAM propose, en partenariat avec l\u2019Eurom\u00e9tropole de Metz, un [&hellip;]<\/p>\n","protected":false},"author":7,"featured_media":0,"parent":835,"menu_order":0,"comment_status":"closed","ping_status":"closed","template":"","meta":{"footnotes":""},"class_list":["post-8400","page","type-page","status-publish","hentry"],"_links":{"self":[{"href":"https:\/\/www.aguram.org\/aguram\/wp-json\/wp\/v2\/pages\/8400","targetHints":{"allow":["GET"]}}],"collection":[{"href":"https:\/\/www.aguram.org\/aguram\/wp-json\/wp\/v2\/pages"}],"about":[{"href":"https:\/\/www.aguram.org\/aguram\/wp-json\/wp\/v2\/types\/page"}],"author":[{"embeddable":true,"href":"https:\/\/www.aguram.org\/aguram\/wp-json\/wp\/v2\/users\/7"}],"replies":[{"embeddable":true,"href":"https:\/\/www.aguram.org\/aguram\/wp-json\/wp\/v2\/comments?post=8400"}],"version-history":[{"count":15,"href":"https:\/\/www.aguram.org\/aguram\/wp-json\/wp\/v2\/pages\/8400\/revisions"}],"predecessor-version":[{"id":8467,"href":"https:\/\/www.aguram.org\/aguram\/wp-json\/wp\/v2\/pages\/8400\/revisions\/8467"}],"up":[{"embeddable":true,"href":"https:\/\/www.aguram.org\/aguram\/wp-json\/wp\/v2\/pages\/835"}],"wp:attachment":[{"href":"https:\/\/www.aguram.org\/aguram\/wp-json\/wp\/v2\/media?parent=8400"}],"curies":[{"name":"wp","href":"https:\/\/api.w.org\/{rel}","templated":true}]}}