
{"id":47302,"date":"2025-09-25T08:49:34","date_gmt":"2025-09-25T08:49:34","guid":{"rendered":"https:\/\/www.aguram.org\/aguram\/?page_id=47302"},"modified":"2026-03-31T14:45:24","modified_gmt":"2026-03-31T14:45:24","slug":"video","status":"publish","type":"page","link":"https:\/\/www.aguram.org\/aguram\/video\/","title":{"rendered":"Vid\u00e9o"},"content":{"rendered":"<p>Vid\u00e9o<\/p>\n<p><span data-teams=\"true\">Retrouvez les vid\u00e9os de l&rsquo;agence (projets, interviews, retours sur \u00e9v\u00e8nements, v\u0153ux, etc.). Pensez \u00e0 vous abonner \u00e0 notre cha\u00eene Youtube pour \u00eatre inform\u00e9.e des nouveaut\u00e9s et les partager plus facilement (<a id=\"menurqt\" class=\"fui-Link ___1q1shib f2hkw1w f3rmtva f1ewtqcl fyind8e f1k6fduh f1w7gpdv fk6fouc fjoy568 figsok6 f1s184ao f1mk8lai fnbmjn9 f1o700av f13mvf36 f1cmlufx f9n3di6 f1ids18y f1tx3yz7 f1deo86v f1eh06m1 f1iescvh fhgqx19 f1olyrje f1p93eir f1nev41a f1h8hb77 f1lqvz6u f10aw75t fsle3fq f17ae5zn\" title=\"https:\/\/www.youtube.com\/@agenceaguram\" href=\"https:\/\/www.youtube.com\/@agenceaguram\" target=\"_blank\" rel=\"noreferrer noopener\" aria-label=\"Lien https:\/\/www.youtube.com\/@agenceaguram\">https:\/\/www.youtube.com\/@agenceaguram<\/a>).<\/span><\/p>\n<p><!-- {\"name\":\"\",\"type\":\"layout\",\"children\":[{\"name\":\"Ent\\u00eate publications\",\"type\":\"section\",\"props\":{\"width\":\"\",\"padding\":\"none\",\"style\":\"secondary\",\"text_color\":\"light\",\"media\":\"images\\\/home-header.jpg\",\"height_viewport\":true,\"header_overlay\":\"light\",\"image\":\"\",\"media_advanced\":true,\"image_size\":\"cover\",\"media_background\":null,\"media_overlay\":null,\"height\":\"expand\",\"animation\":\"fade\",\"header_transparent\":\"\",\"image_position\":\"\",\"image_fixed\":false,\"class\":\"\",\"overlap\":true,\"vertical_align\":\"\",\"title_position\":\"top-left\",\"title_rotation\":\"left\",\"title_breakpoint\":\"xl\"},\"children\":[{\"name\":\"\",\"type\":\"row\",\"props\":{\"layout\":\"1-1\",\"breakpoint\":\"\",\"fixed_width\":\"large\",\"match\":false,\"margin\":\"remove-vertical\"},\"children\":[{\"name\":\"\",\"type\":\"column\",\"props\":{\"image_position\":\"center-center\",\"widths\":[\"1-1\"]},\"children\":[{\"name\":\"\",\"type\":\"image\",\"props\":{\"margin\":\"default\",\"image\":\"wp-content\\\/uploads\\\/2025\\\/09\\\/bandeau_video-01-scaled.jpg\"}}]}]}]},{\"name\":\"Page Publications\",\"type\":\"section\",\"props\":{\"style\":\"default\",\"width\":\"default\",\"vertical_align\":\"middle\",\"title_position\":\"top-left\",\"title_rotation\":\"left\",\"title_breakpoint\":\"xl\",\"image_position\":\"center-center\",\"animation\":\"fade\",\"padding_remove_bottom\":true},\"children\":[{\"name\":\"\",\"type\":\"row\",\"props\":{\"fixed_width\":\"large\",\"breakpoint\":\"m\",\"layout\":\"1-1\",\"margin\":\"\"},\"children\":[{\"name\":\"\",\"type\":\"column\",\"props\":{\"widths\":[\"1-1\"],\"image_position\":\"center-center\"},\"children\":[{\"name\":\"Planification & projets de territoire\",\"type\":\"headline\",\"props\":{\"title_element\":\"h2\",\"content\":\"Vid\\u00e9o\",\"text_align\":\"center\"}},{\"name\":\"\",\"type\":\"divider\",\"props\":{\"divider_element\":\"hr\",\"divider_style\":\"icon\",\"margin\":\"\",\"maxwidth\":\"medium\",\"maxwidth_align\":\"center\"}},{\"name\":\"\",\"type\":\"text\",\"props\":{\"margin\":\"default\",\"column_breakpoint\":\"m\",\"content\":\"\n\n<p><span data-teams=\\\"true\\\">Retrouvez les vid\\u00e9os de l'agence (projets, interviews, retours sur \\u00e9v\\u00e8nements, v\\u0153ux, etc.). Pensez \\u00e0 vous abonner \\u00e0 notre cha\\u00eene Youtube pour \\u00eatre inform\\u00e9.e des nouveaut\\u00e9s et les partager plus facilement (<a id=\\\"menurqt\\\" class=\\\"fui-Link ___1q1shib f2hkw1w f3rmtva f1ewtqcl fyind8e f1k6fduh f1w7gpdv fk6fouc fjoy568 figsok6 f1s184ao f1mk8lai fnbmjn9 f1o700av f13mvf36 f1cmlufx f9n3di6 f1ids18y f1tx3yz7 f1deo86v f1eh06m1 f1iescvh fhgqx19 f1olyrje f1p93eir f1nev41a f1h8hb77 f1lqvz6u f10aw75t fsle3fq f17ae5zn\\\" title=\\\"https:\\\/\\\/www.youtube.com\\\/@agenceaguram\\\" href=\\\"https:\\\/\\\/www.youtube.com\\\/@agenceaguram\\\" target=\\\"_blank\\\" rel=\\\"noreferrer noopener\\\" aria-label=\\\"Lien https:\\\/\\\/www.youtube.com\\\/@agenceaguram\\\">https:\\\/\\\/www.youtube.com\\\/@agenceaguram<\\\/a>).<\\\/span><\\\/p>\",\"text_align\":\"center\"}}]}]}]},{\"name\":\"\",\"type\":\"section\",\"props\":{\"style\":\"default\",\"width\":\"default\",\"vertical_align\":\"middle\",\"title_position\":\"top-left\",\"title_rotation\":\"left\",\"title_breakpoint\":\"xl\",\"image_position\":\"center-center\"},\"children\":[{\"name\":\"\",\"type\":\"row\",\"props\":{\"fixed_width\":\"large\",\"breakpoint\":\"m\",\"layout\":\",,,|1-2,1-2,1-2,1-2\"},\"children\":[{\"name\":\"\",\"type\":\"column\",\"props\":{\"widths\":[\"\",\"1-2\"],\"image_position\":\"center-center\"}},{\"name\":\"\",\"type\":\"column\",\"props\":{\"widths\":[\"\",\"1-2\"],\"image_position\":\"center-center\"}},{\"name\":\"\",\"type\":\"column\",\"props\":{\"widths\":[\"\",\"1-2\"],\"image_position\":\"center-center\"}},{\"name\":\"\",\"type\":\"column\",\"props\":{\"widths\":[\"\",\"1-2\"],\"image_position\":\"center-center\"}}]}]}]} --><\/p>\n","protected":false},"excerpt":{"rendered":"<p>Vid\u00e9o Retrouvez les vid\u00e9os de l&rsquo;agence (projets, interviews, retours sur \u00e9v\u00e8nements, v\u0153ux, etc.). Pensez \u00e0 vous abonner \u00e0 notre cha\u00eene Youtube pour \u00eatre inform\u00e9.e des nouveaut\u00e9s et les partager plus facilement (https:\/\/www.youtube.com\/@agenceaguram).<\/p>\n","protected":false},"author":7,"featured_media":0,"parent":0,"menu_order":0,"comment_status":"closed","ping_status":"closed","template":"","meta":{"footnotes":""},"class_list":["post-47302","page","type-page","status-publish","hentry"],"_links":{"self":[{"href":"https:\/\/www.aguram.org\/aguram\/wp-json\/wp\/v2\/pages\/47302","targetHints":{"allow":["GET"]}}],"collection":[{"href":"https:\/\/www.aguram.org\/aguram\/wp-json\/wp\/v2\/pages"}],"about":[{"href":"https:\/\/www.aguram.org\/aguram\/wp-json\/wp\/v2\/types\/page"}],"author":[{"embeddable":true,"href":"https:\/\/www.aguram.org\/aguram\/wp-json\/wp\/v2\/users\/7"}],"replies":[{"embeddable":true,"href":"https:\/\/www.aguram.org\/aguram\/wp-json\/wp\/v2\/comments?post=47302"}],"version-history":[{"count":10,"href":"https:\/\/www.aguram.org\/aguram\/wp-json\/wp\/v2\/pages\/47302\/revisions"}],"predecessor-version":[{"id":47952,"href":"https:\/\/www.aguram.org\/aguram\/wp-json\/wp\/v2\/pages\/47302\/revisions\/47952"}],"wp:attachment":[{"href":"https:\/\/www.aguram.org\/aguram\/wp-json\/wp\/v2\/media?parent=47302"}],"curies":[{"name":"wp","href":"https:\/\/api.w.org\/{rel}","templated":true}]}}