
{"id":47244,"date":"2025-09-16T08:10:50","date_gmt":"2025-09-16T08:10:50","guid":{"rendered":"https:\/\/www.aguram.org\/aguram\/?page_id=47244"},"modified":"2026-03-31T14:42:17","modified_gmt":"2026-03-31T14:42:17","slug":"podcasts-video","status":"publish","type":"page","link":"https:\/\/www.aguram.org\/aguram\/podcasts-video\/","title":{"rendered":"Podcasts"},"content":{"rendered":"<p>Podcasts<\/p>\n<p><span data-teams=\"true\">Nous vous proposons une <strong>s\u00e9rie de podcast,<\/strong>\u00a0<strong>bas\u00e9e sur nos \u00e9tudes phares\u00a0<\/strong>et accompagn\u00e9e d&rsquo;une animation audio g\u00e9n\u00e9r\u00e9e par\u00a0une intelligence artificielle : <a id=\"menur255\" class=\"fui-Link ___1q1shib f2hkw1w f3rmtva f1ewtqcl fyind8e f1k6fduh f1w7gpdv fk6fouc fjoy568 figsok6 f1s184ao f1mk8lai fnbmjn9 f1o700av f13mvf36 f1cmlufx f9n3di6 f1ids18y f1tx3yz7 f1deo86v f1eh06m1 f1iescvh fhgqx19 f1olyrje f1p93eir f1nev41a f1h8hb77 f1lqvz6u f10aw75t fsle3fq f17ae5zn\" title=\"https:\/\/support.google.com\/notebooklm\/answer\/16164461?hl=fr&amp;ref_topic=16164070&amp;sjid=6942942074595382005-eu\" href=\"https:\/\/support.google.com\/notebooklm\/answer\/16164461?hl=fr&amp;ref_topic=16164070&amp;sjid=6942942074595382005-EU\" target=\"_blank\" rel=\"noreferrer noopener\" aria-label=\"Lien NotebookLM\">NotebookLM<\/a>, d\u00e9velopp\u00e9e par Google. Nous nous appuyons sur l\u2019application pour l\u2019animation audio uniquement (et vous noterez que celle-ci n&rsquo;est pas mosellane \u00e0 la prononciations de certains noms de villes &#x1f605;). Bonne d\u00e9couverte audio !<\/span><\/p>\n<p>Podcast n\u00b001 \/ Les friches en Moselle, h\u00e9ritages du pass\u00e9 &amp; mod\u00e8le pionnier de r\u00e9habilitation aujourd\u2019hui<\/p>\n<p>Podcast n\u00b002 \/ Faire la ville \u00e0 hauteur d\u2019enfants, pour des espaces publics durables &amp; inclusifs<\/p>\n<p>Podcast n\u00b003 \/\u00a0(r\u00e9)Adapter nos espaces urbains par la nature \u00e0 Metz<\/p>\n<p><!-- {\"name\":\"\",\"type\":\"layout\",\"children\":[{\"name\":\"Ent\\u00eate publications\",\"type\":\"section\",\"props\":{\"width\":\"\",\"padding\":\"none\",\"style\":\"secondary\",\"text_color\":\"light\",\"media\":\"images\\\/home-header.jpg\",\"height_viewport\":true,\"header_overlay\":\"light\",\"image\":\"\",\"media_advanced\":true,\"image_size\":\"cover\",\"media_background\":null,\"media_overlay\":null,\"height\":\"expand\",\"animation\":\"fade\",\"header_transparent\":\"\",\"image_position\":\"\",\"image_fixed\":false,\"class\":\"\",\"overlap\":true,\"vertical_align\":\"\",\"title_position\":\"top-left\",\"title_rotation\":\"left\",\"title_breakpoint\":\"xl\"},\"children\":[{\"name\":\"\",\"type\":\"row\",\"props\":{\"layout\":\"1-1\",\"breakpoint\":\"\",\"fixed_width\":\"large\",\"match\":false,\"margin\":\"remove-vertical\"},\"children\":[{\"name\":\"\",\"type\":\"column\",\"props\":{\"image_position\":\"center-center\",\"widths\":[\"1-1\"]},\"children\":[{\"name\":\"\",\"type\":\"image\",\"props\":{\"margin\":\"default\",\"image\":\"wp-content\\\/uploads\\\/2025\\\/09\\\/bandeau_podcast-01-scaled.jpg\"}}]}]}]},{\"name\":\"Page Publications\",\"type\":\"section\",\"props\":{\"style\":\"default\",\"width\":\"default\",\"vertical_align\":\"middle\",\"title_position\":\"top-left\",\"title_rotation\":\"left\",\"title_breakpoint\":\"xl\",\"image_position\":\"center-center\",\"animation\":\"fade\",\"padding_remove_bottom\":true},\"children\":[{\"name\":\"\",\"type\":\"row\",\"props\":{\"fixed_width\":\"large\",\"breakpoint\":\"m\",\"layout\":\"1-1\",\"margin\":\"\"},\"children\":[{\"name\":\"\",\"type\":\"column\",\"props\":{\"widths\":[\"1-1\"],\"image_position\":\"center-center\"},\"children\":[{\"name\":\"Planification & projets de territoire\",\"type\":\"headline\",\"props\":{\"title_element\":\"h2\",\"content\":\"Podcasts\",\"text_align\":\"center\"}},{\"name\":\"\",\"type\":\"divider\",\"props\":{\"divider_element\":\"hr\",\"divider_style\":\"icon\",\"margin\":\"\",\"maxwidth\":\"medium\",\"maxwidth_align\":\"center\"}},{\"name\":\"\",\"type\":\"text\",\"props\":{\"margin\":\"default\",\"column_breakpoint\":\"m\",\"content\":\"\n\n<p><span data-teams=\\\"true\\\">Nous vous proposons une <strong>s\\u00e9rie de podcast,<\\\/strong>\\u00a0<strong>bas\\u00e9e sur nos \\u00e9tudes phares\\u00a0<\\\/strong>et accompagn\\u00e9e d'une animation audio g\\u00e9n\\u00e9r\\u00e9e par\\u00a0une intelligence artificielle : <a id=\\\"menur255\\\" class=\\\"fui-Link ___1q1shib f2hkw1w f3rmtva f1ewtqcl fyind8e f1k6fduh f1w7gpdv fk6fouc fjoy568 figsok6 f1s184ao f1mk8lai fnbmjn9 f1o700av f13mvf36 f1cmlufx f9n3di6 f1ids18y f1tx3yz7 f1deo86v f1eh06m1 f1iescvh fhgqx19 f1olyrje f1p93eir f1nev41a f1h8hb77 f1lqvz6u f10aw75t fsle3fq f17ae5zn\\\" title=\\\"https:\\\/\\\/support.google.com\\\/notebooklm\\\/answer\\\/16164461?hl=fr&amp;ref_topic=16164070&amp;sjid=6942942074595382005-eu\\\" href=\\\"https:\\\/\\\/support.google.com\\\/notebooklm\\\/answer\\\/16164461?hl=fr&amp;ref_topic=16164070&amp;sjid=6942942074595382005-EU\\\" target=\\\"_blank\\\" rel=\\\"noreferrer noopener\\\" aria-label=\\\"Lien NotebookLM\\\">NotebookLM<\\\/a>, d\\u00e9velopp\\u00e9e par Google. Nous nous appuyons sur l\\u2019application pour l\\u2019animation audio uniquement (et vous noterez que celle-ci n'est pas mosellane \\u00e0 la prononciations de certains noms de villes \\ud83d\\ude05). Bonne d\\u00e9couverte audio !<\\\/span><\\\/p>\",\"text_align\":\"center\"}}]}]}]},{\"name\":\"\",\"type\":\"section\",\"props\":{\"style\":\"default\",\"width\":\"default\",\"vertical_align\":\"middle\",\"title_position\":\"top-left\",\"title_rotation\":\"left\",\"title_breakpoint\":\"xl\",\"image_position\":\"center-center\"},\"children\":[{\"name\":\"\",\"type\":\"row\",\"props\":{\"fixed_width\":\"large\",\"breakpoint\":\"m\",\"layout\":\",,,|1-2,1-2,1-2,1-2\"},\"children\":[{\"name\":\"\",\"type\":\"column\",\"props\":{\"widths\":[\"\",\"1-2\"],\"image_position\":\"center-center\",\"image\":\"\",\"style\":\"\",\"image_size\":\"contain\"},\"children\":[{\"name\":\"\",\"type\":\"image\",\"props\":{\"margin\":\"default\",\"image\":\"wp-content\\\/uploads\\\/2025\\\/09\\\/Podcast_AGURAM_picto_rose.png\",\"link\":\"https:\\\/\\\/www.aguram.org\\\/aguram\\\/%F0%9F%8E%A7-podcast-n01-les-friches-en-moselle-heritages-du-passe-modele-pionnier-de-rehabilitation-aujourdhui\\\/\",\"link_target\":\"blank\"}},{\"name\":\"\",\"type\":\"text\",\"props\":{\"margin\":\"default\",\"column_breakpoint\":\"m\",\"content\":\"\n\n<p>Podcast n\\u00b001 \\\/ Les friches en Moselle, h\\u00e9ritages du pass\\u00e9 &amp; mod\\u00e8le pionnier de r\\u00e9habilitation aujourd\\u2019hui<\\\/p>\"}}]},{\"name\":\"\",\"type\":\"column\",\"props\":{\"widths\":[\"\",\"1-2\"],\"image_position\":\"center-center\"},\"children\":[{\"name\":\"\",\"type\":\"image\",\"props\":{\"margin\":\"default\",\"image\":\"wp-content\\\/uploads\\\/2025\\\/09\\\/Podcast_AGURAM_picto_rose.png\",\"link\":\"https:\\\/\\\/www.aguram.org\\\/aguram\\\/\\ud83c\\udfa7podcast-n02-faire-la-ville-a-hauteur-denfant-pour-des-espaces-publics-durables-inclusifs\\\/\",\"link_target\":\"blank\"}},{\"name\":\"\",\"type\":\"text\",\"props\":{\"margin\":\"default\",\"column_breakpoint\":\"m\",\"content\":\"\n\n<p>Podcast n\\u00b002 \\\/ Faire la ville \\u00e0 hauteur d\\u2019enfants, pour des espaces publics durables &amp; inclusifs<\\\/p>\"}}]},{\"name\":\"\",\"type\":\"column\",\"props\":{\"widths\":[\"\",\"1-2\"],\"image_position\":\"center-center\"},\"children\":[{\"name\":\"\",\"type\":\"image\",\"props\":{\"margin\":\"default\",\"image\":\"wp-content\\\/uploads\\\/2025\\\/09\\\/Podcast_AGURAM_picto_rose.png\",\"link\":\"https:\\\/\\\/www.aguram.org\\\/aguram\\\/podcast-n03-readapter-nos-espaces-urbains-par-la-nature-a-metz\\\/\",\"link_target\":\"blank\"}},{\"name\":\"\",\"type\":\"text\",\"props\":{\"margin\":\"default\",\"column_breakpoint\":\"m\",\"content\":\"\n\n<p>Podcast n\\u00b003 \\\/\\u00a0(r\\u00e9)Adapter nos espaces urbains par la nature \\u00e0 Metz<\\\/p>\"}}]},{\"name\":\"\",\"type\":\"column\",\"props\":{\"widths\":[\"\",\"1-2\"],\"image_position\":\"center-center\"}}]}]}]} --><\/p>\n","protected":false},"excerpt":{"rendered":"<p>Podcasts Nous vous proposons une s\u00e9rie de podcast,\u00a0bas\u00e9e sur nos \u00e9tudes phares\u00a0et accompagn\u00e9e d&rsquo;une animation audio g\u00e9n\u00e9r\u00e9e par\u00a0une intelligence artificielle : NotebookLM, d\u00e9velopp\u00e9e par Google. Nous nous appuyons sur l\u2019application pour l\u2019animation audio uniquement (et vous noterez que celle-ci n&rsquo;est pas mosellane \u00e0 la prononciations de certains noms de villes &#x1f605;). Bonne d\u00e9couverte audio ! [&hellip;]<\/p>\n","protected":false},"author":7,"featured_media":0,"parent":0,"menu_order":0,"comment_status":"closed","ping_status":"closed","template":"","meta":{"footnotes":""},"class_list":["post-47244","page","type-page","status-publish","hentry"],"_links":{"self":[{"href":"https:\/\/www.aguram.org\/aguram\/wp-json\/wp\/v2\/pages\/47244","targetHints":{"allow":["GET"]}}],"collection":[{"href":"https:\/\/www.aguram.org\/aguram\/wp-json\/wp\/v2\/pages"}],"about":[{"href":"https:\/\/www.aguram.org\/aguram\/wp-json\/wp\/v2\/types\/page"}],"author":[{"embeddable":true,"href":"https:\/\/www.aguram.org\/aguram\/wp-json\/wp\/v2\/users\/7"}],"replies":[{"embeddable":true,"href":"https:\/\/www.aguram.org\/aguram\/wp-json\/wp\/v2\/comments?post=47244"}],"version-history":[{"count":37,"href":"https:\/\/www.aguram.org\/aguram\/wp-json\/wp\/v2\/pages\/47244\/revisions"}],"predecessor-version":[{"id":47951,"href":"https:\/\/www.aguram.org\/aguram\/wp-json\/wp\/v2\/pages\/47244\/revisions\/47951"}],"wp:attachment":[{"href":"https:\/\/www.aguram.org\/aguram\/wp-json\/wp\/v2\/media?parent=47244"}],"curies":[{"name":"wp","href":"https:\/\/api.w.org\/{rel}","templated":true}]}}