
{"id":46592,"date":"2025-06-18T16:33:16","date_gmt":"2025-06-18T16:33:16","guid":{"rendered":"https:\/\/www.aguram.org\/aguram\/?page_id=46592"},"modified":"2025-06-18T16:33:20","modified_gmt":"2025-06-18T16:33:20","slug":"observatoire-de-limmobilier-dentreprise","status":"publish","type":"page","link":"https:\/\/www.aguram.org\/aguram\/publications\/observatoire-de-limmobilier-dentreprise\/","title":{"rendered":"Observatoire de l&rsquo;immobilier d&rsquo;entreprise"},"content":{"rendered":"<p><h2 class=\"uk-text-center uk-scrollspy-inview uk-animation-fade\" uk-scrollspy-class=\"\">LA COLLECTION de l&rsquo;observatoire <span data-teams=\"true\">de l&rsquo;immobilier d&rsquo;entreprise<\/span><\/h2>\n<\/p>\n<p><strong>L\u2019observatoire de l\u2019immobilier d\u2019entreprise en Moselle est n\u00e9 d\u2019une volont\u00e9 forte de partenariat, initi\u00e9 par les principaux acteurs publics et priv\u00e9s du secteur\u00a0: l\u2019Eurom\u00e9tropole de Metz et l\u2019AGURAM, en partenariat avec l\u2019agence d\u2019attractivit\u00e9 Inspire Metz et la CCI Moselle, et en collaboration avec les commercialisateurs du territoire (\u00e0 ce jour\u00a0: Arthur Loyd Lorraine, Benedic\/CBRE, BNP Paribas Real Estate, CEA Immobilier, Dumur Immobilier, Gircourt Immobilier et l\u2019Espace entreprises de Sarreguemines).<\/strong><\/p>\n<p>Avec cette mise en commun des donn\u00e9es et des connaissances, nous vous proposerons, <strong>tous les 6 mois, un d\u00e9cryptage des march\u00e9s de l\u2019immobilier d\u2019entreprise<\/strong>. L\u2019ambition est de fournir une <strong>analyse des transactions et de l\u2019offre,<\/strong> <strong>dans tout le d\u00e9partement de la Moselle<\/strong> pour les locaux d\u2019activit\u00e9s et les entrep\u00f4ts, et dans le sillon mosellan pour les bureaux.<\/p>\n<p><!-- {\"name\":\"\",\"type\":\"layout\",\"children\":[{\"name\":\"Ent\\u00eate publications\",\"type\":\"section\",\"props\":{\"width\":\"\",\"padding\":\"none\",\"style\":\"secondary\",\"text_color\":\"light\",\"media\":\"images\\\/home-header.jpg\",\"height_viewport\":true,\"header_overlay\":\"light\",\"image\":\"\",\"media_advanced\":true,\"image_size\":\"cover\",\"media_background\":null,\"media_overlay\":null,\"height\":\"expand\",\"animation\":\"fade\",\"header_transparent\":\"\",\"image_position\":\"\",\"image_fixed\":false,\"class\":\"\",\"overlap\":true,\"vertical_align\":\"\",\"title_position\":\"top-left\",\"title_rotation\":\"left\",\"title_breakpoint\":\"xl\"},\"children\":[{\"name\":\"\",\"type\":\"row\",\"props\":{\"layout\":\"1-1\",\"breakpoint\":\"\",\"fixed_width\":\"large\",\"match\":false,\"margin\":\"remove-vertical\"},\"children\":[{\"name\":\"\",\"type\":\"column\",\"props\":{\"image_position\":\"center-center\",\"widths\":[\"1-1\"]},\"children\":[{\"name\":\"\",\"type\":\"image\",\"props\":{\"margin\":\"default\",\"image\":\"wp-content\\\/uploads\\\/2025\\\/04\\\/bandeau_immobilier-dentreprise-01.png\"}}]}]}]},{\"name\":\"Page Publications\",\"type\":\"section\",\"props\":{\"style\":\"default\",\"width\":\"default\",\"vertical_align\":\"middle\",\"title_position\":\"top-left\",\"title_rotation\":\"left\",\"title_breakpoint\":\"xl\",\"image_position\":\"center-center\",\"animation\":\"fade\",\"padding_remove_bottom\":true},\"children\":[{\"name\":\"\",\"type\":\"row\",\"props\":{\"fixed_width\":\"large\",\"breakpoint\":\"m\",\"layout\":\"1-1\",\"margin\":\"\"},\"children\":[{\"name\":\"\",\"type\":\"column\",\"props\":{\"widths\":[\"1-1\"],\"image_position\":\"center-center\"},\"children\":[{\"name\":\"Planification & projets de territoire\",\"type\":\"headline\",\"props\":{\"title_element\":\"h2\",\"content\":\"\n\n<h2 class=\\\"uk-text-center uk-scrollspy-inview uk-animation-fade\\\" uk-scrollspy-class=\\\"\\\">LA COLLECTION de l'observatoire <span data-teams=\\\"true\\\">de l'immobilier d'entreprise<\\\/span><\\\/h2>\",\"text_align\":\"center\"}},{\"name\":\"\",\"type\":\"divider\",\"props\":{\"divider_element\":\"hr\",\"divider_style\":\"icon\",\"margin\":\"\",\"maxwidth\":\"medium\",\"maxwidth_align\":\"center\"}},{\"name\":\"\",\"type\":\"text\",\"props\":{\"margin\":\"default\",\"column_breakpoint\":\"m\",\"content\":\"\n\n<p><strong>L\\u2019observatoire de l\\u2019immobilier d\\u2019entreprise en Moselle est n\\u00e9 d\\u2019une volont\\u00e9 forte de partenariat, initi\\u00e9 par les principaux acteurs publics et priv\\u00e9s du secteur\\u00a0: l\\u2019Eurom\\u00e9tropole de Metz et l\\u2019AGURAM, en partenariat avec l\\u2019agence d\\u2019attractivit\\u00e9 Inspire Metz et la CCI Moselle, et en collaboration avec les commercialisateurs du territoire (\\u00e0 ce jour\\u00a0: Arthur Loyd Lorraine, Benedic\\\/CBRE, BNP Paribas Real Estate, CEA Immobilier, Dumur Immobilier, Gircourt Immobilier et l\\u2019Espace entreprises de Sarreguemines).<\\\/strong><\\\/p>\\n\n\n<p>Avec cette mise en commun des donn\\u00e9es et des connaissances, nous vous proposerons, <strong>tous les 6 mois, un d\\u00e9cryptage des march\\u00e9s de l\\u2019immobilier d\\u2019entreprise<\\\/strong>. L\\u2019ambition est de fournir une <strong>analyse des transactions et de l\\u2019offre,<\\\/strong> <strong>dans tout le d\\u00e9partement de la Moselle<\\\/strong> pour les locaux d\\u2019activit\\u00e9s et les entrep\\u00f4ts, et dans le sillon mosellan pour les bureaux.<\\\/p>\",\"text_align\":\"center\"}}]}]}]},{\"name\":\"Pages Publications\",\"type\":\"section\",\"props\":{\"style\":\"default\",\"width\":\"expand\",\"vertical_align\":\"middle\",\"title_position\":\"top-left\",\"title_rotation\":\"left\",\"title_breakpoint\":\"xl\",\"image_position\":\"center-center\",\"animation\":\"fade\",\"animation_delay\":true},\"children\":[{\"name\":\"\",\"type\":\"row\",\"props\":{\"fixed_width\":\"large\",\"breakpoint\":\"m\",\"layout\":\"1-1\",\"match\":false,\"width\":\"default\",\"gutter\":\"collapse\",\"margin\":\"remove-vertical\",\"vertical_align\":false},\"children\":[{\"name\":\"\",\"type\":\"column\",\"props\":{\"widths\":[\"1-1\"],\"image_position\":\"center-center\"},\"children\":[{\"name\":\"\",\"type\":\"wordpress_widget\",\"props\":{\"menu_style\":\"nav\",\"widget\":\"widgetkit-44\",\"type\":\"widgetkit\"}}]}]}]}]} --><\/p>\n","protected":false},"excerpt":{"rendered":"<p>LA COLLECTION de l&rsquo;observatoire de l&rsquo;immobilier d&rsquo;entreprise L\u2019observatoire de l\u2019immobilier d\u2019entreprise en Moselle est n\u00e9 d\u2019une volont\u00e9 forte de partenariat, initi\u00e9 par les principaux acteurs publics et priv\u00e9s du secteur\u00a0: l\u2019Eurom\u00e9tropole de Metz et l\u2019AGURAM, en partenariat avec l\u2019agence d\u2019attractivit\u00e9 Inspire Metz et la CCI Moselle, et en collaboration avec les commercialisateurs du territoire (\u00e0 [&hellip;]<\/p>\n","protected":false},"author":7,"featured_media":0,"parent":835,"menu_order":0,"comment_status":"closed","ping_status":"closed","template":"","meta":{"footnotes":""},"class_list":["post-46592","page","type-page","status-publish","hentry"],"_links":{"self":[{"href":"https:\/\/www.aguram.org\/aguram\/wp-json\/wp\/v2\/pages\/46592","targetHints":{"allow":["GET"]}}],"collection":[{"href":"https:\/\/www.aguram.org\/aguram\/wp-json\/wp\/v2\/pages"}],"about":[{"href":"https:\/\/www.aguram.org\/aguram\/wp-json\/wp\/v2\/types\/page"}],"author":[{"embeddable":true,"href":"https:\/\/www.aguram.org\/aguram\/wp-json\/wp\/v2\/users\/7"}],"replies":[{"embeddable":true,"href":"https:\/\/www.aguram.org\/aguram\/wp-json\/wp\/v2\/comments?post=46592"}],"version-history":[{"count":5,"href":"https:\/\/www.aguram.org\/aguram\/wp-json\/wp\/v2\/pages\/46592\/revisions"}],"predecessor-version":[{"id":46601,"href":"https:\/\/www.aguram.org\/aguram\/wp-json\/wp\/v2\/pages\/46592\/revisions\/46601"}],"up":[{"embeddable":true,"href":"https:\/\/www.aguram.org\/aguram\/wp-json\/wp\/v2\/pages\/835"}],"wp:attachment":[{"href":"https:\/\/www.aguram.org\/aguram\/wp-json\/wp\/v2\/media?parent=46592"}],"curies":[{"name":"wp","href":"https:\/\/api.w.org\/{rel}","templated":true}]}}