
{"id":19,"date":"2013-11-16T00:00:00","date_gmt":"2013-11-16T00:00:00","guid":{"rendered":"http:\/\/10.0.0.104\/yootheme_pro\/2017\/Fjord\/Website_WP\/index.php\/home\/"},"modified":"2026-05-05T14:16:40","modified_gmt":"2026-05-05T14:16:40","slug":"home","status":"publish","type":"page","link":"https:\/\/www.aguram.org\/aguram\/","title":{"rendered":"Accueil"},"content":{"rendered":"<p>Nos Derni\u00e8res<br \/>Publications<\/p>\n<p>Fil d&rsquo;actualit\u00e9s<\/p>\n<p><iframe loading=\"lazy\" src=\"https:\/\/www.linkedin.com\/embed\/feed\/update\/urn:li:ugcPost:7455644376212525056?collapsed=1\" height=\"627\" width=\"504\" frameborder=\"0\" allowfullscreen=\"\" title=\"Post int\u00e9gr\u00e9\"><\/iframe><\/p>\n<p><h3 class=\"uk-margin-remove-vertical uk-text-left uk-scrollspy-inview uk-animation-fade\" uk-scrollspy-class=\"uk-animation-fade\" data-id=\"page#31\"><strong>Le replay du moment<\/strong><\/h3>\n<\/p>\n<p>L&rsquo;AGURAM \u00c0 LA CARTE<\/p>\n<p><strong>Depuis 2010, la part des familles avec enfants a diminu\u00e9 dans l\u2019ensemble de l\u2019Eurom\u00e9tropole de Metz<\/strong>\u00a0: elle est pass\u00e9e de 34 % \u00e0 31 %. Elles sont proportionnellement plus pr\u00e9sentes dans les petites communes p\u00e9riurbaines, o\u00f9 elles repr\u00e9sentent 40 % des m\u00e9nages. Toutefois, c\u2019est dans ces territoires que leur recul est le plus marqu\u00e9.<\/p>\n<p>Les familles monoparentales, elles, sont surrepr\u00e9sent\u00e9es dans les communes de plus de 2 000 habitants, mais demeurent relativement stables. &#x2795; <strong><a href=\"https:\/\/www.aguram.org\/aguram\/eurometropole-de-metz-caf-portrait-social-du-territoire-offre-de-services-aux-familles\/\" target=\"_blank\" rel=\"noopener\">d&rsquo;infos<\/a><\/strong><\/p>\n<p>LA DATA DU MOMENT<\/p>\n<p>Des chiffres issus de la derni\u00e8re publication de notre <strong>Observatoire territorial transfrontalier. &#x2795; <a href=\"https:\/\/www.aguram.org\/aguram\/observatoire-territorial-transfrontalier-n6-des-soins-de-proximite-aux-grands-equipements-de-sante-quels-enjeux-transfrontaliers-dans-le-nord-lorrain\/\" target=\"_blank\" rel=\"noopener\">d&rsquo;infos<\/a><\/strong><\/p>\n<p>\u00a0<\/p>\n<p>Grand angle<\/p>\n<p>F\u00e9y est une commune r\u00e9sidentielle et rurale, au sud-ouest de la m\u00e9tropole messine. Connect\u00e9e \u00e0 l\u2019A31 et \u00e0 la Rocade sud de Metz, elle b\u00e9n\u00e9ficie d\u2019un niveau de desserte exceptionnel depuis le sud de la m\u00e9tropole, et d\u2019une aire de covoiturage \u00e0 proximit\u00e9, ce qui lui conf\u00e8re une position strat\u00e9gique.<\/p>\n<p>C\u2019est un village de la 2<sup>e<\/sup> reconstruction qui compte aujourd\u2019hui 750 habitants. D\u00e9truit \u00e0 95 % \u00e0 la Lib\u00e9ration, il fut totalement reconstruit dans les ann\u00e9es 1950 dans un esprit de modernit\u00e9, en rupture avec l\u2019ancien village lorrain viticole. Depuis, son d\u00e9veloppement urbain est compos\u00e9 d\u2019une succession d\u2019extensions pavillonnaires, amorc\u00e9es d\u00e8s les ann\u00e9es 1960.<\/p>\n<p>La commune a la particularit\u00e9 d\u2019\u00eatre situ\u00e9e sur un col des avants-c\u00f4tes de Moselle, en promontoire entre la plaine de la Seille et la vall\u00e9e encaiss\u00e9e de la Moselle, offrant ainsi un paysage remarquable \u00e0 ses habitants et de nombreux espaces forestiers. Elle fait partie de l\u2019AOC vins de Moselle. La r\u00e9alisation r\u00e9cente de la base de loisirs de la Haie Focard (Pokeyland), d\u2019un centre \u00e9questre, et la pr\u00e9sence de l\u2019h\u00f4tel des Tuileries, d\u00e9montrent le potentiel touristique du territoire (plus de 100 emplois sont recens\u00e9s dans la commune).<\/p>\n<p>D\u00e9couvrez l\u2019<strong><a href=\"https:\/\/www.aguram.org\/aguram\/atlas-des-communes-de-metz-metropole\/\">Atlas \u00a9AGURAM des communes de la m\u00e9tropole messine<\/a><\/strong> &amp; ses panoramas (2019)<\/p>\n<hr \/>\n<p>Sites partenaires<\/p>\n<p>Restez connect\u00e9 avec votre agence d&rsquo;urbanisme<\/p>\n<p><div>Actu&rsquo;AGURAM (lettre \u00e9lectronique)<\/div>\n<\/p>\n<p>R\u00c9SEAUX SOCIAUX<\/p>\n<p>Venir \u00e0 l&rsquo;AGURAM<\/p>\n<p><iframe loading=\"lazy\" width=\"100%\" height=\"600px\" frameborder=\"0\" scrolling=\"yes\" marginheight=\"\" marginwidth=\"\" src=\"https:\/\/experience.arcgis.com\/experience\/c26dcec29ed640fcac766a71b11abca1\/\"><\/iframe><\/p>\n<p><!-- {\"name\":\"\",\"type\":\"layout\",\"children\":[{\"name\":\"Ent\\u00eate Home\",\"type\":\"section\",\"props\":{\"width\":\"default\",\"padding\":\"large\",\"style\":\"default\",\"text_color\":\"\",\"media\":\"images\\\/home-header.jpg\",\"height_viewport\":true,\"header_overlay\":\"light\",\"image\":\"wp-content\\\/uploads\\\/2025\\\/06\\\/2025_montage_photo_equipe-COMPRESS-scaled.jpg\",\"media_advanced\":true,\"image_size\":\"cover\",\"media_background\":\"rgba(225, 145, 145, 0)\",\"media_overlay\":\"rgba(0, 60, 81, 0.26)\",\"height\":\"expand\",\"animation\":\"fade\",\"header_transparent\":\"light\",\"image_position\":\"center-center\",\"image_fixed\":false,\"class\":\"\",\"media_blend_mode\":\"\",\"overlap\":false,\"css\":\"\",\"vertical_align\":\"\",\"title_position\":\"top-left\",\"title_rotation\":\"left\",\"title_breakpoint\":\"xl\",\"image_effect\":\"\",\"image_parallax_bgx_start\":\"-25\",\"image_parallax_bgy_end\":\"20\",\"image_parallax_bgx_end\":\"0\",\"image_parallax_bgy_start\":\"-100\",\"padding_remove_top\":false,\"padding_remove_bottom\":false,\"video\":\"\",\"video_height\":\"\",\"video_width\":\"\",\"header_transparent_noplaceholder\":false},\"children\":[{\"name\":\"\",\"type\":\"row\",\"props\":{\"fixed_width\":\"large\",\"breakpoint\":\"s\",\"layout\":\"1-1\",\"margin\":\"default\",\"width\":\"\",\"vertical_align\":true,\"gutter\":\"\",\"match\":false,\"divider\":false},\"children\":[{\"name\":\"\",\"type\":\"column\",\"props\":{\"widths\":[\"1-1\"],\"image_position\":\"center-center\",\"css\":\"\"},\"children\":[{\"name\":\"Slogan\",\"type\":\"image\",\"props\":{\"margin\":\"small\",\"image\":\"wp-content\\\/uploads\\\/2020\\\/07\\\/slogan_agence_site_web-6.svg\",\"text_align\":\"center\",\"visibility\":\"l\",\"text_align_breakpoint\":\"l\"}}]}]}]},{\"name\":\"Publications\",\"type\":\"section\",\"props\":{\"style\":\"default\",\"width\":\"\",\"vertical_align\":\"middle\",\"title_position\":\"top-left\",\"title_rotation\":\"left\",\"title_breakpoint\":\"xl\",\"image_position\":\"center-center\",\"id\":\"\",\"padding\":\"\",\"height\":\"\",\"header_transparent\":\"\",\"overlap\":true,\"animation\":\"fade\",\"padding_remove_top\":true,\"padding_remove_bottom\":true},\"children\":[{\"name\":\"\",\"type\":\"row\",\"props\":{\"fixed_width\":\"auto\",\"breakpoint\":\"m\",\"layout\":\",3-4\",\"width\":\"large\",\"match\":true,\"gutter\":\"collapse\"},\"children\":[{\"name\":\"\",\"type\":\"column\",\"props\":{\"widths\":[\"\"],\"image_position\":\"center-center\",\"style\":\"secondary\",\"padding\":\"small\"},\"children\":[{\"name\":\"Icon publications\",\"type\":\"image\",\"props\":{\"margin\":\"default\",\"image\":\"wp-content\\\/uploads\\\/2019\\\/08\\\/icones_site_web_Icone_publication.svg\",\"text_align\":\"center\",\"visibility\":\"m\",\"image_width\":\"\",\"image_height\":\"\",\"link\":\"index.php?page_id=835\",\"animation\":\"slide-left-medium\"}},{\"name\":\"Titre publication\",\"type\":\"headline\",\"props\":{\"title_element\":\"h3\",\"content\":\"Nos Derni\\u00e8res<br \\\/>Publications\",\"text_align\":\"center\",\"maxwidth\":\"medium\",\"visibility\":\"m\",\"link\":\"index.php?page_id=835\",\"animation\":\"slide-left-medium\"}}]},{\"name\":\"\",\"type\":\"column\",\"props\":{\"widths\":[\"3-4\"],\"image_position\":\"center-center\"},\"children\":[{\"name\":\"Slider publications\",\"type\":\"wordpress_widget\",\"props\":{\"menu_style\":\"nav\",\"widget\":\"widgetkit-16\",\"type\":\"widgetkit\",\"margin\":\"remove-vertical\",\"margin_remove_top\":true,\"style\":\"\",\"text_align\":\"\",\"maxwidth\":\"\",\"margin_remove_bottom\":true,\"title_color\":\"\",\"maxwidth_align\":\"center\",\"animation\":\"\",\"id\":\"1\"}}]}]}]},{\"name\":\"Actualit\\u00e9s\",\"type\":\"section\",\"props\":{\"style\":\"default\",\"width\":\"expand\",\"vertical_align\":\"middle\",\"title_position\":\"top-left\",\"title_rotation\":\"left\",\"title_breakpoint\":\"xl\",\"image_position\":\"center-center\",\"id\":\"\",\"padding\":\"none\",\"height\":\"expand\",\"header_transparent\":\"\",\"overlap\":true,\"animation\":\"fade\"},\"children\":[{\"name\":\"\",\"type\":\"row\",\"props\":{\"fixed_width\":\"auto\",\"breakpoint\":\"m\",\"layout\":\"1-2,,|1-1,1-2,1-2\",\"width\":\"large\",\"match\":true,\"gutter\":\"collapse\",\"order_last\":false},\"children\":[{\"name\":\"\",\"type\":\"column\",\"props\":{\"widths\":[\"1-2\",\"1-1\"],\"image_position\":\"center-center\",\"style\":\"\",\"padding\":\"\"},\"children\":[{\"name\":\"Slider actualit\\u00e9s\",\"type\":\"wordpress_widget\",\"props\":{\"menu_style\":\"nav\",\"widget\":\"widgetkit-14\",\"type\":\"widgetkit\",\"margin\":\"remove-vertical\",\"margin_remove_top\":true,\"style\":\"\",\"text_align\":\"\",\"maxwidth\":\"\",\"margin_remove_bottom\":true,\"title_color\":\"\",\"maxwidth_align\":\"center\",\"animation\":\"none\",\"id\":\"1\",\"text_align_breakpoint\":\"\",\"text_align_fallback\":\"left\",\"title_style\":\"\",\"title_decoration\":\"\"}}]},{\"name\":\"\",\"type\":\"column\",\"props\":{\"widths\":[\"\",\"1-2\"],\"image_position\":\"center-center\",\"style\":\"primary\",\"padding\":\"small\",\"css\":\"\"},\"children\":[{\"name\":\"Icon actualit\\u00e9s\",\"type\":\"image\",\"props\":{\"margin\":\"default\",\"image\":\"wp-content\\\/uploads\\\/2019\\\/08\\\/icones_site_web_Icone_actu.svg\",\"text_align\":\"left\",\"visibility\":\"m\",\"image_width\":\"\",\"image_height\":\"\",\"id\":\"\",\"link\":\"http:\\\/\\\/10.0.0.100\\\/?page_id=2557\",\"animation\":\"slide-right-medium\",\"maxwidth\":\"xlarge\"}},{\"name\":\"Titre actualit\\u00e9s\",\"type\":\"headline\",\"props\":{\"title_element\":\"h3\",\"content\":\"Fil d'actualit\\u00e9s\",\"text_align\":\"left\",\"maxwidth\":\"\",\"visibility\":\"m\",\"id\":\"2\",\"maxwidth_align\":\"center\",\"margin\":\"large\",\"animation\":\"slide-right-medium\",\"link\":\"http:\\\/\\\/10.0.0.100\\\/?page_id=2557\",\"margin_remove_top\":true}}]},{\"name\":\"\",\"type\":\"column\",\"props\":{\"widths\":[\"\",\"1-2\"],\"image_position\":\"center-center\",\"style\":\"\",\"padding\":\"small\",\"css\":\"\"},\"children\":[{\"name\":\"\",\"type\":\"html\",\"props\":{\"content\":\"<iframe src=\\\"https:\\\/\\\/www.linkedin.com\\\/embed\\\/feed\\\/update\\\/urn:li:ugcPost:7455644376212525056?collapsed=1\\\" height=\\\"627\\\" width=\\\"504\\\" frameborder=\\\"0\\\" allowfullscreen=\\\"\\\" title=\\\"Post int\\u00e9gr\\u00e9\\\"><\\\/iframe>\\n\\n\\n\\n\"}}]}]}]},{\"name\":\"Carte et Chiffres\",\"type\":\"section\",\"props\":{\"style\":\"muted\",\"width\":\"\",\"vertical_align\":\"middle\",\"title_position\":\"top-left\",\"title_rotation\":\"left\",\"title_breakpoint\":\"xl\",\"image_position\":\"center-center\",\"padding_remove_top\":false,\"padding_remove_bottom\":false,\"padding\":\"small\",\"height\":\"\",\"animation\":\"fade\",\"overlap\":true},\"children\":[{\"name\":\"\",\"type\":\"row\",\"props\":{\"fixed_width\":\"large\",\"breakpoint\":\"m\",\"layout\":\",,\",\"margin\":\"remove-vertical\",\"gutter\":\"\",\"width\":\"large\",\"vertical_align\":false},\"children\":[{\"name\":\"\",\"type\":\"column\",\"props\":{\"widths\":[\"\"],\"image_position\":\"center-center\",\"style\":\"\",\"text_color\":\"\",\"padding\":\"xsmall\"},\"children\":[{\"name\":\"En vid\\u00e9o\",\"type\":\"headline\",\"props\":{\"title_element\":\"h3\",\"content\":\"\n\n<h3 class=\\\"uk-margin-remove-vertical uk-text-left uk-scrollspy-inview uk-animation-fade\\\" uk-scrollspy-class=\\\"uk-animation-fade\\\" data-id=\\\"page#31\\\"><strong>Le replay du moment<\\\/strong><\\\/h3>\",\"text_align\":\"left\",\"maxwidth\":\"\",\"maxwidth_align\":\"\",\"margin_remove_top\":false,\"margin_remove_bottom\":false,\"visibility\":\"\",\"margin\":\"remove-vertical\",\"animation\":\"fade\"}},{\"name\":\"\",\"type\":\"divider\",\"props\":{\"divider_element\":\"div\",\"divider_style\":\"small\"}},{\"name\":\"\",\"type\":\"video\",\"props\":{\"video_controls\":true,\"margin\":\"default\",\"video\":\"https:\\\/\\\/www.youtube.com\\\/watch?v=xb3xGC0eX2k&list=PLGFWVZgubGWHsLwsaAZIcdDLLMfZmmseJ&index=7&t=3s\",\"video_width\":\"500\",\"video_height\":\"280\"}}]},{\"name\":\"\",\"type\":\"column\",\"props\":{\"widths\":[\"\"],\"image_position\":\"center-center\",\"style\":\"\",\"padding\":\"xsmall\"},\"children\":[{\"name\":\"L'AGURAM \\u00e0 la carte\",\"type\":\"headline\",\"props\":{\"title_element\":\"h3\",\"content\":\"L'AGURAM \\u00c0 LA CARTE\",\"text_align\":\"left\",\"maxwidth\":\"\",\"maxwidth_breakpoint\":\"\",\"visibility\":\"\",\"margin\":\"remove-vertical\",\"animation\":\"fade\"}},{\"name\":\"\",\"type\":\"divider\",\"props\":{\"divider_element\":\"div\",\"divider_style\":\"small\"}},{\"name\":\"Carte\",\"type\":\"image\",\"props\":{\"margin\":\"default\",\"image\":\"https:\\\/\\\/www.aguram.org\\\/wp-content\\\/uploads\\\/2026\\\/01\\\/Image1.jpg\",\"image_height\":\"\",\"image_width\":\"\",\"link\":\"https:\\\/\\\/www.aguram.org\\\/wp-content\\\/uploads\\\/2026\\\/01\\\/Image1.jpg\",\"link_target\":\"modal\",\"maxwidth\":\"\",\"text_align\":\"center\",\"animation\":\"slide-bottom-medium\"}},{\"name\":\"\",\"type\":\"text\",\"props\":{\"margin\":\"default\",\"column_breakpoint\":\"m\",\"content\":\"\n\n<p><strong>Depuis 2010, la part des familles avec enfants a diminu\\u00e9 dans l\\u2019ensemble de l\\u2019Eurom\\u00e9tropole de Metz<\\\/strong>\\u00a0: elle est pass\\u00e9e de 34 % \\u00e0 31 %. Elles sont proportionnellement plus pr\\u00e9sentes dans les petites communes p\\u00e9riurbaines, o\\u00f9 elles repr\\u00e9sentent 40 % des m\\u00e9nages. Toutefois, c\\u2019est dans ces territoires que leur recul est le plus marqu\\u00e9.<\\\/p>\\n\n\n<p>Les familles monoparentales, elles, sont surrepr\\u00e9sent\\u00e9es dans les communes de plus de 2 000 habitants, mais demeurent relativement stables. \\u2795 <strong><a href=\\\"https:\\\/\\\/www.aguram.org\\\/aguram\\\/eurometropole-de-metz-caf-portrait-social-du-territoire-offre-de-services-aux-familles\\\/\\\" target=\\\"_blank\\\" rel=\\\"noopener\\\">d'infos<\\\/a><\\\/strong><\\\/p>\"}}]},{\"name\":\"\",\"type\":\"column\",\"props\":{\"widths\":[\"\"],\"image_position\":\"center-center\"},\"children\":[{\"name\":\"La data du moment\",\"type\":\"headline\",\"props\":{\"title_element\":\"h3\",\"content\":\"LA DATA DU MOMENT\",\"text_align\":\"left\",\"maxwidth\":\"\",\"maxwidth_breakpoint\":\"\",\"visibility\":\"\",\"margin\":\"remove-vertical\",\"animation\":\"fade\"}},{\"name\":\"\",\"type\":\"divider\",\"props\":{\"divider_element\":\"div\",\"divider_style\":\"small\"}},{\"name\":\"\",\"type\":\"image\",\"props\":{\"margin\":\"default\",\"image\":\"https:\\\/\\\/www.aguram.org\\\/wp-content\\\/uploads\\\/2026\\\/02\\\/OTT_inf.png\",\"link\":\"https:\\\/\\\/www.aguram.org\\\/aguram\\\/observatoire-de-limmobilier-dentreprise-en-moselle-n03-bilan-du-marche-au-1er-semestre-2025\\\/\",\"link_target\":\"blank\"}},{\"name\":\"\",\"type\":\"text\",\"props\":{\"margin\":\"default\",\"column_breakpoint\":\"m\",\"content\":\"\n\n<p>Des chiffres issus de la derni\\u00e8re publication de notre <strong>Observatoire territorial transfrontalier. \\u2795 <a href=\\\"https:\\\/\\\/www.aguram.org\\\/aguram\\\/observatoire-territorial-transfrontalier-n6-des-soins-de-proximite-aux-grands-equipements-de-sante-quels-enjeux-transfrontaliers-dans-le-nord-lorrain\\\/\\\" target=\\\"_blank\\\" rel=\\\"noopener\\\">d'infos<\\\/a><\\\/strong><\\\/p>\\n\n\n<p>\\u00a0<\\\/p>\"}}]}]},{\"name\":\"\",\"type\":\"row\",\"props\":{\"fixed_width\":\"large\",\"breakpoint\":\"m\",\"layout\":\"1-1\",\"margin\":\"medium\",\"gutter\":\"\",\"width\":\"large\",\"vertical_align\":false},\"children\":[{\"name\":\"\",\"type\":\"column\",\"props\":{\"widths\":[\"1-1\"],\"image_position\":\"center-center\",\"style\":\"\",\"text_color\":\"\",\"padding\":\"xsmall\"},\"children\":[{\"name\":\"Grand angle\",\"type\":\"headline\",\"props\":{\"title_element\":\"h3\",\"content\":\"Grand angle\",\"text_align\":\"left\",\"maxwidth\":\"\",\"maxwidth_align\":\"\",\"margin_remove_top\":false,\"margin_remove_bottom\":false,\"visibility\":\"\",\"margin\":\"remove-vertical\",\"animation\":\"fade\"}},{\"name\":\"\",\"type\":\"divider\",\"props\":{\"divider_element\":\"div\",\"divider_style\":\"small\"}},{\"name\":\"\",\"type\":\"overlay\",\"props\":{\"overlay_mode\":\"cover\",\"overlay_hover\":true,\"overlay_style\":\"overlay-primary\",\"text_color\":\"light\",\"overlay_position\":\"center\",\"overlay_transition\":\"fade\",\"title_element\":\"h4\",\"meta_style\":\"meta\",\"meta_align\":\"bottom\",\"text_align\":\"center\",\"margin\":\"remove-vertical\",\"image\":\"https:\\\/\\\/www.aguram.org\\\/wp-content\\\/uploads\\\/2025\\\/12\\\/Fey.png\",\"content\":\"\n\n<p>F\\u00e9y est une commune r\\u00e9sidentielle et rurale, au sud-ouest de la m\\u00e9tropole messine. Connect\\u00e9e \\u00e0 l\\u2019A31 et \\u00e0 la Rocade sud de Metz, elle b\\u00e9n\\u00e9ficie d\\u2019un niveau de desserte exceptionnel depuis le sud de la m\\u00e9tropole, et d\\u2019une aire de covoiturage \\u00e0 proximit\\u00e9, ce qui lui conf\\u00e8re une position strat\\u00e9gique.<\\\/p>\\n\n\n<p>C\\u2019est un village de la 2<sup>e<\\\/sup> reconstruction qui compte aujourd\\u2019hui 750 habitants. D\\u00e9truit \\u00e0 95 % \\u00e0 la Lib\\u00e9ration, il fut totalement reconstruit dans les ann\\u00e9es 1950 dans un esprit de modernit\\u00e9, en rupture avec l\\u2019ancien village lorrain viticole. Depuis, son d\\u00e9veloppement urbain est compos\\u00e9 d\\u2019une succession d\\u2019extensions pavillonnaires, amorc\\u00e9es d\\u00e8s les ann\\u00e9es 1960.<\\\/p>\\n\n\n<p>La commune a la particularit\\u00e9 d\\u2019\\u00eatre situ\\u00e9e sur un col des avants-c\\u00f4tes de Moselle, en promontoire entre la plaine de la Seille et la vall\\u00e9e encaiss\\u00e9e de la Moselle, offrant ainsi un paysage remarquable \\u00e0 ses habitants et de nombreux espaces forestiers. Elle fait partie de l\\u2019AOC vins de Moselle. La r\\u00e9alisation r\\u00e9cente de la base de loisirs de la Haie Focard (Pokeyland), d\\u2019un centre \\u00e9questre, et la pr\\u00e9sence de l\\u2019h\\u00f4tel des Tuileries, d\\u00e9montrent le potentiel touristique du territoire (plus de 100 emplois sont recens\\u00e9s dans la commune).<\\\/p>\\n\n\n<p>D\\u00e9couvrez l\\u2019<strong><a href=\\\"https:\\\/\\\/www.aguram.org\\\/aguram\\\/atlas-des-communes-de-metz-metropole\\\/\\\">Atlas \\u00a9AGURAM des communes de la m\\u00e9tropole messine<\\\/a><\\\/strong> &amp; ses panoramas (2019)<\\\/p>\\n\n\n<hr \\\/>\",\"title\":\"FEY\",\"image_height\":\"645\",\"overlay_padding\":\"small\",\"image_width\":\"1920\",\"hover_image\":\"\",\"link\":\"https:\\\/\\\/www.aguram.org\\\/plui-metzmetropole-visitevirtuelle\\\/index.html\",\"link_target\":true}}]}]}]},{\"name\":\"SITES PARTENAIRES\",\"type\":\"section\",\"props\":{\"style\":\"secondary\",\"width\":\"\",\"vertical_align\":\"middle\",\"title_position\":\"top-left\",\"title_rotation\":\"left\",\"title_breakpoint\":\"xl\",\"image_position\":\"center-center\",\"height\":\"\",\"overlap\":false,\"padding\":\"xsmall\",\"padding_remove_top\":true,\"padding_remove_bottom\":true},\"children\":[{\"name\":\"\",\"type\":\"row\",\"props\":{\"fixed_width\":\"large\",\"breakpoint\":\"m\",\"layout\":\"1-1\",\"width\":\"large\",\"gutter\":\"collapse\",\"match\":false,\"margin\":\"remove-vertical\"},\"children\":[{\"name\":\"\",\"type\":\"column\",\"props\":{\"widths\":[\"1-1\"],\"image_position\":\"center-center\",\"style\":\"secondary\",\"padding\":\"small\"},\"children\":[{\"name\":\"TITRE SITES PARTENAIRES\",\"type\":\"headline\",\"props\":{\"title_element\":\"h3\",\"content\":\"Sites partenaires\",\"text_align\":\"center\"}},{\"name\":\"Diviseur\",\"type\":\"divider\",\"props\":{\"divider_element\":\"hr\",\"divider_style\":\"icon\",\"maxwidth\":\"medium\",\"maxwidth_align\":\"center\",\"margin\":\"medium\",\"margin_remove_top\":true}},{\"name\":\"Sites partenaires\",\"type\":\"wordpress_widget\",\"props\":{\"menu_style\":\"nav\",\"widget\":\"widgetkit-28\",\"type\":\"widgetkit\",\"margin\":\"remove-vertical\",\"maxwidth\":\"\",\"text_align\":\"center\",\"animation\":\"scale-up\",\"css\":\"\",\"class\":\"\"}}]}]}]},{\"name\":\"NEWSLETTER & R\\u00c9SEAUX SOCIAUX\",\"type\":\"section\",\"props\":{\"style\":\"default\",\"width\":\"default\",\"vertical_align\":\"middle\",\"title_position\":\"top-left\",\"title_rotation\":\"left\",\"title_breakpoint\":\"xl\",\"image_position\":\"center-center\",\"image\":\"wp-content\\\/uploads\\\/2018\\\/01\\\/pexels-photo-541522.jpeg\",\"image_effect\":\"\",\"media_background\":null,\"media_overlay\":\"rgba(255, 255, 255, 0.84)\",\"media_blend_mode\":\"\",\"height\":\"\",\"image_size\":\"cover\",\"image_parallax_bgx_start\":\"\",\"image_parallax_bgx_end\":\"\",\"image_parallax_bgy_start\":\"\",\"image_parallax_bgy_end\":\"\",\"padding\":\"\",\"overlap\":false,\"animation\":\"fade\",\"padding_remove_bottom\":false},\"children\":[{\"name\":\"\",\"type\":\"row\",\"props\":{\"fixed_width\":\"large\",\"breakpoint\":\"m\",\"layout\":\"1-1\"},\"children\":[{\"name\":\"\",\"type\":\"column\",\"props\":{\"widths\":[\"1-1\"],\"image_position\":\"center-center\"},\"children\":[{\"name\":\"TITRE REST\\u00c9 CONNECT\\u00c9\",\"type\":\"headline\",\"props\":{\"title_element\":\"h3\",\"content\":\"Restez connect\\u00e9 avec votre agence d'urbanisme\",\"text_align\":\"center\"}},{\"name\":\"Diviseur\",\"type\":\"divider\",\"props\":{\"divider_element\":\"hr\",\"divider_style\":\"icon\",\"maxwidth\":\"medium\",\"maxwidth_align\":\"center\"}}]}]},{\"name\":\"\",\"type\":\"row\",\"props\":{\"fixed_width\":\"large\",\"breakpoint\":\"m\",\"layout\":\",fixed\",\"margin\":\"\"},\"children\":[{\"name\":\"\",\"type\":\"column\",\"props\":{\"widths\":[\"\"],\"image_position\":\"center-center\"},\"children\":[{\"name\":\"TITRE ACTU'AGURAM\",\"type\":\"headline\",\"props\":{\"title_element\":\"div\",\"content\":\"\n\n<div>Actu'AGURAM (lettre \\u00e9lectronique)<\\\/div>\",\"title_style\":\"h4\",\"title_decoration\":\"\",\"title_color\":\"\",\"text_align\":\"left\",\"animation\":\"\"}},{\"name\":\"\",\"type\":\"divider\",\"props\":{\"divider_element\":\"hr\",\"divider_style\":\"small\"}},{\"name\":\"ACTU'AGURAM\",\"type\":\"newsletter\",\"props\":{\"layout\":\"grid\",\"show_name\":true,\"label_first_name\":\"Pr\\u00e9nom\",\"label_last_name\":\"Nom\",\"label_email\":\"Email\",\"label_button\":\"Je m'abonne\",\"provider\":{\"name\":\"mailchimp\",\"after_submit\":\"message\",\"message\":\"Vous avez \\u00e9t\\u00e9 abonn\\u00e9 avec succ\\u00e8s.\",\"redirect\":\"\"},\"mailchimp\":{\"client_id\":\"\",\"list_id\":\"5c91d4d673\"},\"cmonitor\":{\"client_id\":\"\",\"list_id\":\"\"},\"button_mode\":\"button\",\"button_style\":\"primary\",\"button_icon\":\"mail\",\"gutter\":\"small\",\"button_margin\":\"\",\"form_size\":\"\",\"animation\":\"slide-left-medium\"}}]},{\"name\":\"\",\"type\":\"column\",\"props\":{\"widths\":[\"fixed\"],\"image_position\":\"center-center\"},\"children\":[{\"name\":\"TITRE R\\u00c9SEAUX SOCIAUX\",\"type\":\"headline\",\"props\":{\"title_element\":\"div\",\"content\":\"R\\u00c9SEAUX SOCIAUX\",\"title_style\":\"h4\",\"title_decoration\":\"\",\"title_color\":\"\",\"text_align\":\"left\"}},{\"name\":\"\",\"type\":\"divider\",\"props\":{\"divider_element\":\"hr\",\"divider_style\":\"small\"}},{\"name\":\"\",\"type\":\"social\",\"props\":{\"link_style\":\"button\",\"gutter\":\"small\",\"margin\":\"default\",\"links\":[\"https:\\\/\\\/www.linkedin.com\\\/company\\\/aguram\\\/\",\"https:\\\/\\\/twitter.com\\\/agenceaguram\",\"https:\\\/\\\/www.facebook.com\\\/agenceaguram\\\/\",\"https:\\\/\\\/www.youtube.com\\\/channel\\\/UC8QbyVz6nAoLZOJXLLEMrtQ\"],\"link_target\":true,\"animation\":\"slide-right-medium\"}}]}]},{\"name\":\"\",\"type\":\"row\",\"props\":{\"fixed_width\":\"large\",\"breakpoint\":\"m\",\"layout\":\"1-1\"},\"children\":[{\"name\":\"\",\"type\":\"column\",\"props\":{\"widths\":[\"1-1\"],\"image_position\":\"center-center\"}}]},{\"name\":\"\",\"type\":\"row\",\"props\":{\"fixed_width\":\"large\",\"breakpoint\":\"m\",\"layout\":\"1-1\",\"margin\":\"\"},\"children\":[{\"name\":\"\",\"type\":\"column\",\"props\":{\"widths\":[\"1-1\"],\"image_position\":\"center-center\"},\"children\":[{\"name\":\"TITRE VENIR A L'AGURAM\",\"type\":\"headline\",\"props\":{\"title_element\":\"h3\",\"content\":\"Venir \\u00e0 l'AGURAM\",\"text_align\":\"center\"}},{\"name\":\"Diviseur\",\"type\":\"divider\",\"props\":{\"divider_element\":\"hr\",\"divider_style\":\"icon\",\"maxwidth\":\"medium\",\"maxwidth_align\":\"center\"}}]}]}]},{\"name\":\"NOUS TROUVER\",\"type\":\"section\",\"props\":{\"style\":\"muted\",\"width\":\"\",\"vertical_align\":\"middle\",\"title_position\":\"top-left\",\"title_rotation\":\"left\",\"title_breakpoint\":\"xl\",\"image_position\":\"center-center\",\"height\":\"expand\",\"padding\":\"none\",\"animation\":\"fade\"},\"children\":[{\"name\":\"\",\"type\":\"row\",\"props\":{\"fixed_width\":\"large\",\"breakpoint\":\"m\",\"layout\":\"1-1\"},\"children\":[{\"name\":\"\",\"type\":\"column\",\"props\":{\"widths\":[\"1-1\"],\"image_position\":\"center-center\"},\"children\":[{\"name\":\"\",\"type\":\"html\",\"props\":{\"content\":\"<iframe width=\\\"100%\\\" height=\\\"600px\\\" frameborder=\\\"0\\\" scrolling=\\\"yes\\\" marginheight=\\\"\\\" marginwidth=\\\"\\\" src=\\\"https:\\\/\\\/experience.arcgis.com\\\/experience\\\/c26dcec29ed640fcac766a71b11abca1\\\/\\\"><\\\/iframe>\"}}]}]}]}]} --><\/p>\n","protected":false},"excerpt":{"rendered":"<p>Nos Derni\u00e8resPublications Fil d&rsquo;actualit\u00e9s Le replay du moment L&rsquo;AGURAM \u00c0 LA CARTE Depuis 2010, la part des familles avec enfants a diminu\u00e9 dans l\u2019ensemble de l\u2019Eurom\u00e9tropole de Metz\u00a0: elle est pass\u00e9e de 34 % \u00e0 31 %. Elles sont proportionnellement plus pr\u00e9sentes dans les petites communes p\u00e9riurbaines, o\u00f9 elles repr\u00e9sentent 40 % des m\u00e9nages. Toutefois, [&hellip;]<\/p>\n","protected":false},"author":7,"featured_media":0,"parent":0,"menu_order":1,"comment_status":"closed","ping_status":"closed","template":"","meta":{"footnotes":""},"class_list":["post-19","page","type-page","status-publish","hentry"],"_links":{"self":[{"href":"https:\/\/www.aguram.org\/aguram\/wp-json\/wp\/v2\/pages\/19","targetHints":{"allow":["GET"]}}],"collection":[{"href":"https:\/\/www.aguram.org\/aguram\/wp-json\/wp\/v2\/pages"}],"about":[{"href":"https:\/\/www.aguram.org\/aguram\/wp-json\/wp\/v2\/types\/page"}],"author":[{"embeddable":true,"href":"https:\/\/www.aguram.org\/aguram\/wp-json\/wp\/v2\/users\/7"}],"replies":[{"embeddable":true,"href":"https:\/\/www.aguram.org\/aguram\/wp-json\/wp\/v2\/comments?post=19"}],"version-history":[{"count":807,"href":"https:\/\/www.aguram.org\/aguram\/wp-json\/wp\/v2\/pages\/19\/revisions"}],"predecessor-version":[{"id":48049,"href":"https:\/\/www.aguram.org\/aguram\/wp-json\/wp\/v2\/pages\/19\/revisions\/48049"}],"wp:attachment":[{"href":"https:\/\/www.aguram.org\/aguram\/wp-json\/wp\/v2\/media?parent=19"}],"curies":[{"name":"wp","href":"https:\/\/api.w.org\/{rel}","templated":true}]}}