
{"id":1822,"date":"2019-07-19T13:25:08","date_gmt":"2019-07-19T13:25:08","guid":{"rendered":"https:\/\/www.aguram.org\/?page_id=1822"},"modified":"2024-06-04T09:37:37","modified_gmt":"2024-06-04T09:37:37","slug":"mentions-legales","status":"publish","type":"page","link":"https:\/\/www.aguram.org\/aguram\/mentions-legales\/","title":{"rendered":"Mentions l\u00e9gales"},"content":{"rendered":"<p>Mentions l\u00e9gales<\/p>\n<h4><span style=\"color: #ed973e;\">Status &amp; vocation<\/span><\/h4>\n<p>L\u2019Agence d\u2019urbanisme d\u2019agglom\u00e9rations de Moselle est une association de droit local. Ses <strong><a href=\"http:\/\/10.0.0.100\/aguram\/wp-content\/uploads\/2019\/08\/STATUTS_AGURAM_20140625.pdf\">statuts<\/a><\/strong>\u00a0ont \u00e9t\u00e9 adopt\u00e9s par l\u2019assembl\u00e9e g\u00e9n\u00e9rale constitutive du 6 juillet 1974, puis modifi\u00e9s par les assembl\u00e9es g\u00e9n\u00e9rales extraordinaires du 19 avril 2002, du 18 mai 2004, du 12 f\u00e9vrier 2008 et du 25 juin 2014. L\u2019agence est membre de la\u00a0<a href=\"http:\/\/www.fnau.org\/fr\/accueil\/\"><strong>F\u00e9d\u00e9ration Nationale des Agences d\u2019Urbanisme<\/strong>\u00a0<\/a>(FNAU).<\/p>\n<p>Les agences d\u2019urbanisme sont des outils cr\u00e9\u00e9s en partenariat par les collectivit\u00e9s locales et l\u2019Etat en vue d\u2019assurer des missions de r\u00e9flexion et d\u2019\u00e9tudes sur les \u00e9volutions urbaines, sur la d\u00e9finition des politiques d\u2019am\u00e9nagement et de d\u00e9veloppement, la pr\u00e9paration des projets d\u2019agglom\u00e9ration dans un souci d\u2019harmonisation des politiques publiques (cf. article\u00a0<strong><a href=\"http:\/\/www.legifrance.gouv.fr\/affichCodeArticle.do?idArticle=LEGIARTI000006814379&amp;cidTexte=LEGITEXT000006074075&amp;dateTexte=20080520&amp;fastPos=1&amp;fastReqId=722320525&amp;oldAction=rechCodeArticle\">L.121-3 du Code de l\u2019Urbanisme<\/a><\/strong>) sur le territoire d\u00e9fini par les communes et les collectivit\u00e9s adh\u00e9rentes.<\/p>\n<p>Il s\u2019agit\u00a0:<\/p>\n<ul>\n<li>d\u2019un outil partenarial, d\u2019int\u00e9r\u00eat collectif, qui travaille sur les enjeux de d\u00e9veloppement du territoire,<\/li>\n<li>d\u2019un outil de production interdisciplinaire embrassant toute la diversit\u00e9 des domaines de l\u2019urbanisme\u00a0: la planification, l\u2019habitat, le logement, le g\u00e9nie urbain, les transports, le d\u00e9veloppement \u00e9conomique, le paysage, l\u2019environnement, la culture, la sant\u00e9,<\/li>\n<li>d\u2019un outil qui travaille en r\u00e9seau avec les autres agences de la F\u00e9d\u00e9ration Nationale des Agences d\u2019Urbanisme.<\/li>\n<\/ul>\n<p>Elle a vocation \u00e0\u00a0:<\/p>\n<ul>\n<li>observer le territoire dans les diff\u00e9rents domaines, contribuer \u00e0 sa planification,<\/li>\n<li>apporter son concours technique continu aux adh\u00e9rents,<\/li>\n<li>expertiser, projeter, anticiper les \u00e9volutions urbaines par des \u00e9tudes sp\u00e9cifiques,<\/li>\n<li>communiquer, diffuser ses travaux.<\/li>\n<\/ul>\n<p>La\u00a0<strong><a href=\"http:\/\/www.bulletin-officiel.developpement-durable.gouv.fr\/fiches\/BO20095\/met_20090005_0100_0014.pdf\">circulaire<\/a><\/strong> sign\u00e9e le 26 f\u00e9vrier 2009 par le ministre de l\u2019Ecologie, de l\u2019Energie, du D\u00e9veloppement durable et de l\u2019Am\u00e9nagement du Territoire et se r\u00e9f\u00e9rant \u00e0 la circulaire du 26 d\u00e9cembre 2006 qui pr\u00e9cisait la pratique du partenariat au sein des agences d\u2019urbanisme et leur financement, d\u00e9termine les modalit\u00e9s du partenariat de l\u2019Etat et le cadre juridique et comptable qui s\u2019impose aux agences.<\/p>\n<h4><span style=\"color: #ed973e;\">H\u00e9bergement, propri\u00e9t\u00e9 &amp; conception<\/span><\/h4>\n<p>Conform\u00e9ment \u00e0 la loi n\u00b02004-575 du 21 juin 2004 pour la confiance dans l\u2019\u00e9conomie num\u00e9rique, nous vous informons que le site aguram.org est h\u00e9berg\u00e9 et \u00e9dit\u00e9 par :<\/p>\n<div>Agence d\u2019urbanisme d\u2019agglom\u00e9rations de Moselle (AGURAM)<\/div>\n<div>27 place Saint-Thi\u00e9bault<\/div>\n<div>57000 Metz<\/div>\n<div>T\u00e9l\u00a0: 03 87 21 99 00<\/div>\n<div>N\u00b0 SIRET : 301 57 44 97 000 48 \u2013 code APE 7111Z<\/div>\n<h6>Directeur de publication :<\/h6>\n<p>Monsieur R\u00e9gis BROUSSE &#8211; Directeur de l\u2019Agence d\u2019urbanisme d\u2019agglom\u00e9rations de Moselle (AGURAM)<\/p>\n<h6>Conception interne :<\/h6>\n<ul>\n<li>K\u00e9vin RODEGHIERO<\/li>\n<li>J\u00e9r\u00e9my HOFFMANN<\/li>\n<li>Fanny GEOFFROY<\/li>\n<\/ul>\n<h4><span style=\"color: #ed973e;\">Donn\u00e9es personnelles<\/span><\/h4>\n<p>Les informations personnelles que vous nous avez transmises lors de vos enregistrements sur un formulaire (inscription \u00e0 notre lettre \u00e9lectronique notamment) ne sont jamais confi\u00e9es \u00e0 des tiers. Vous disposez d\u2019un droit d\u2019acc\u00e8s, de modification, de rectification et de suppression des donn\u00e9es qui vous concernent (article 34 de la loi Informatique et Libert\u00e9s). Pour le faire appliquer, \u00e9crivez-nous \u00e0 contact{@}aguram.org.<\/p>\n<h4><span style=\"color: #ed973e;\">Droits d&rsquo;auteur<\/span><\/h4>\n<p>L\u2019ensemble de ce site rel\u00e8ve de la l\u00e9gislation fran\u00e7aise sur le droit d\u2019auteur et la propri\u00e9t\u00e9 intellectuelle. Tous les droits de reproduction sont r\u00e9serv\u00e9s, y compris pour les documents t\u00e9l\u00e9chargeables et les repr\u00e9sentations iconographiques et photographiques. Toute extraction et\/ou reproduction d\u2019une partie substantielle des informations diffus\u00e9es sur le site est interdite sans l\u2019autorisation expresse et pr\u00e9alable de l\u2019Agence d\u2019Urbanisme d\u2019Agglom\u00e9rations de Moselle (AGURAM). Toutefois, l\u2019extraction et la reproduction des textes de ce site sur support papier est autoris\u00e9e pour un usage exclusivement interne, pour les seuls besoins propres de l\u2019utilisateur et \u00e0 la condition de mentionner la source de fa\u00e7on claire et pr\u00e9cise la source.<\/p>\n<h4><span style=\"color: #ed973e;\">Cr\u00e9dits photographiques<\/span><\/h4>\n<p>Les photographies pr\u00e9sentes sur le site sont la propri\u00e9t\u00e9 de l\u2019AGURAM sauf mentions contraires. Pour les utiliser, merci de bien vouloir nous contacter avant toute mise en ligne\/production et de toujours citer la source.<\/p>\n<p>Les illustrations de l\u2019agence peuvent contenir une vue de l\u2019immeuble Ecotech, dont l\u2019architecte est M. Bruno Deschanels.<\/p>\n<h4><span style=\"color: #ed973e;\">Liens hypertextes<\/span><\/h4>\n<p>L\u2019AGURAM autorise la mise en place d\u2019un lien hypertexte renvoyant vers son site Internet dans la mesure o\u00f9 l\u2019utilisateur pr\u00e9vient l\u2019agence par mail. Les informations utilis\u00e9es ne doivent l\u2019\u00eatre qu\u2019\u00e0 des fins personnelles, associatives ou professionnelles.<\/p>\n<p>De fa\u00e7on g\u00e9n\u00e9rale, toute utilisation totale ou partielle du site \u00e0 des fins commerciales ou publicitaires est strictement exclue.<\/p>\n<p><!-- {\"name\":\"\",\"type\":\"layout\",\"children\":[{\"name\":\"Offres d'emplois\",\"type\":\"section\",\"props\":{\"style\":\"default\",\"width\":\"default\",\"vertical_align\":\"middle\",\"title_position\":\"top-left\",\"title_rotation\":\"left\",\"title_breakpoint\":\"xl\",\"image_position\":\"center-center\",\"animation\":\"slide-left-small\"},\"children\":[{\"name\":\"\",\"type\":\"row\",\"props\":{\"fixed_width\":\"large\",\"breakpoint\":\"m\",\"layout\":\"1-1\"},\"children\":[{\"name\":\"\",\"type\":\"column\",\"props\":{\"widths\":[\"1-1\"],\"image_position\":\"center-center\"},\"children\":[{\"name\":\"Mentions l\\u00e9gales\",\"type\":\"headline\",\"props\":{\"title_element\":\"h2\",\"content\":\"Mentions l\\u00e9gales\",\"text_align\":\"center\"}},{\"name\":\"\",\"type\":\"divider\",\"props\":{\"divider_element\":\"div\",\"divider_style\":\"icon\",\"maxwidth\":\"medium\",\"maxwidth_align\":\"center\",\"margin_remove_top\":false,\"margin\":\"\"}},{\"name\":\"\",\"type\":\"text\",\"props\":{\"margin\":\"default\",\"column_breakpoint\":\"m\",\"content\":\"\n\n\n<h4><span style=\\\"color: #ed973e;\\\">Status &amp; vocation<\\\/span><\\\/h4>\\nL\\u2019Agence d\\u2019urbanisme d\\u2019agglom\\u00e9rations de Moselle est une association de droit local. Ses <strong><a href=\\\"http:\\\/\\\/10.0.0.100\\\/aguram\\\/wp-content\\\/uploads\\\/2019\\\/08\\\/STATUTS_AGURAM_20140625.pdf\\\">statuts<\\\/a><\\\/strong>\\u00a0ont \\u00e9t\\u00e9 adopt\\u00e9s par l\\u2019assembl\\u00e9e g\\u00e9n\\u00e9rale constitutive du 6 juillet 1974, puis modifi\\u00e9s par les assembl\\u00e9es g\\u00e9n\\u00e9rales extraordinaires du 19 avril 2002, du 18 mai 2004, du 12 f\\u00e9vrier 2008 et du 25 juin 2014. L\\u2019agence est membre de la\\u00a0<a href=\\\"http:\\\/\\\/www.fnau.org\\\/fr\\\/accueil\\\/\\\"><strong>F\\u00e9d\\u00e9ration Nationale des Agences d\\u2019Urbanisme<\\\/strong>\\u00a0<\\\/a>(FNAU).<\\\/p>\\nLes agences d\\u2019urbanisme sont des outils cr\\u00e9\\u00e9s en partenariat par les collectivit\\u00e9s locales et l\\u2019Etat en vue d\\u2019assurer des missions de r\\u00e9flexion et d\\u2019\\u00e9tudes sur les \\u00e9volutions urbaines, sur la d\\u00e9finition des politiques d\\u2019am\\u00e9nagement et de d\\u00e9veloppement, la pr\\u00e9paration des projets d\\u2019agglom\\u00e9ration dans un souci d\\u2019harmonisation des politiques publiques (cf. article\\u00a0<strong><a href=\\\"http:\\\/\\\/www.legifrance.gouv.fr\\\/affichCodeArticle.do?idArticle=LEGIARTI000006814379&amp;cidTexte=LEGITEXT000006074075&amp;dateTexte=20080520&amp;fastPos=1&amp;fastReqId=722320525&amp;oldAction=rechCodeArticle\\\">L.121-3 du Code de l\\u2019Urbanisme<\\\/a><\\\/strong>) sur le territoire d\\u00e9fini par les communes et les collectivit\\u00e9s adh\\u00e9rentes.<\\\/p>\\nIl s\\u2019agit\\u00a0:<\\\/p>\\n\n\n\n<ul>\\n\n \t\n\n<li>d\\u2019un outil partenarial, d\\u2019int\\u00e9r\\u00eat collectif, qui travaille sur les enjeux de d\\u00e9veloppement du territoire,<\\\/li>\\n\n \t\n\n<li>d\\u2019un outil de production interdisciplinaire embrassant toute la diversit\\u00e9 des domaines de l\\u2019urbanisme\\u00a0: la planification, l\\u2019habitat, le logement, le g\\u00e9nie urbain, les transports, le d\\u00e9veloppement \\u00e9conomique, le paysage, l\\u2019environnement, la culture, la sant\\u00e9,<\\\/li>\\n\n \t\n\n<li>d\\u2019un outil qui travaille en r\\u00e9seau avec les autres agences de la F\\u00e9d\\u00e9ration Nationale des Agences d\\u2019Urbanisme.<\\\/li>\\n<\\\/ul>\\nElle a vocation \\u00e0\\u00a0:<\\\/p>\\n\n\n\n<ul>\\n\n \t\n\n<li>observer le territoire dans les diff\\u00e9rents domaines, contribuer \\u00e0 sa planification,<\\\/li>\\n\n \t\n\n<li>apporter son concours technique continu aux adh\\u00e9rents,<\\\/li>\\n\n \t\n\n<li>expertiser, projeter, anticiper les \\u00e9volutions urbaines par des \\u00e9tudes sp\\u00e9cifiques,<\\\/li>\\n\n \t\n\n<li>communiquer, diffuser ses travaux.<\\\/li>\\n<\\\/ul>\\nLa\\u00a0<strong><a href=\\\"http:\\\/\\\/www.bulletin-officiel.developpement-durable.gouv.fr\\\/fiches\\\/BO20095\\\/met_20090005_0100_0014.pdf\\\">circulaire<\\\/a><\\\/strong>\\u00a0sign\\u00e9e le 26 f\\u00e9vrier 2009 par le ministre de l\\u2019Ecologie, de l\\u2019Energie, du D\\u00e9veloppement durable et de l\\u2019Am\\u00e9nagement du Territoire et se r\\u00e9f\\u00e9rant \\u00e0 la circulaire du 26 d\\u00e9cembre 2006 qui pr\\u00e9cisait la pratique du partenariat au sein des agences d\\u2019urbanisme et leur financement, d\\u00e9termine les modalit\\u00e9s du partenariat de l\\u2019Etat et le cadre juridique et comptable qui s\\u2019impose aux agences.<\\\/p>\\n\n\n\n<h4><span style=\\\"color: #ed973e;\\\">H\\u00e9bergement, propri\\u00e9t\\u00e9 &amp; conception<\\\/span><\\\/h4>\\nConform\\u00e9ment \\u00e0 la loi n\\u00b02004-575 du 21 juin 2004 pour la confiance dans l\\u2019\\u00e9conomie num\\u00e9rique, nous vous informons que le site aguram.org est h\\u00e9berg\\u00e9 et \\u00e9dit\\u00e9 par :<\\\/p>\\n\n\n\n<div>Agence d\\u2019Urbanisme d\\u2019Agglom\\u00e9rations de Moselle (AGURAM)<\\\/div>\\n\n\n\n<div>Immeuble Ecotech<\\\/div>\\n\n\n\n<div>3, Rue Marconi<\\\/div>\\n\n\n\n<div>57070 Metz<\\\/div>\\n\n\n\n<div>T\\u00e9l\\u00a0: 03 87 21 99 00<\\\/div>\\n\n\n\n<div>N\\u00b0 SIRET : 301 574 497 00030 \\u2013 code APE 7111Z<\\\/div>\\n\n\n\n<h6>Directeur de publication :<\\\/h6>\\nMadame Patricia Gout \\\/\\u00a0 Directrice de l\\u2019Agence d\\u2019Urbanisme d\\u2019Agglom\\u00e9rations de Moselle (AGURAM)<\\\/p>\\n\n\n\n<h6>Conception interne :<\\\/h6>\\n\n\n\n<ul>\\n\n \t\n\n<li>K\\u00e9vin RODEGHIERO<\\\/li>\\n\n \t\n\n<li>J\\u00e9r\\u00e9my HOFFMANN<\\\/li>\\n\n \t\n\n<li>Fanny GEOFFROY<\\\/li>\\n<\\\/ul>\\n\n\n\n<h4><span style=\\\"color: #ed973e;\\\">Donn\\u00e9es personnelles<\\\/span><\\\/h4>\\nLes informations personnelles que vous nous avez transmises lors de vos enregistrements sur un formulaire (inscription \\u00e0 notre lettre \\u00e9lectronique notamment) ne sont jamais confi\\u00e9es \\u00e0 des tiers. Vous disposez d\\u2019un droit d\\u2019acc\\u00e8s, de modification, de rectification et de suppression des donn\\u00e9es qui vous concernent (article 34 de la loi Informatique et Libert\\u00e9s). Pour le faire appliquer, \\u00e9crivez-nous \\u00e0 contact{@}aguram.org.<\\\/p>\\n\n\n\n<h4><span style=\\\"color: #ed973e;\\\">Droits d'auteur<\\\/span><\\\/h4>\\nL\\u2019ensemble de ce site rel\\u00e8ve de la l\\u00e9gislation fran\\u00e7aise sur le droit d\\u2019auteur et la propri\\u00e9t\\u00e9 intellectuelle. Tous les droits de reproduction sont r\\u00e9serv\\u00e9s, y compris pour les documents t\\u00e9l\\u00e9chargeables et les repr\\u00e9sentations iconographiques et photographiques. Toute extraction et\\\/ou reproduction d\\u2019une partie substantielle des informations diffus\\u00e9es sur le site est interdite sans l\\u2019autorisation expresse et pr\\u00e9alable de l\\u2019Agence d\\u2019Urbanisme d\\u2019Agglom\\u00e9rations de Moselle (AGURAM). Toutefois, l\\u2019extraction et la reproduction des textes de ce site sur support papier est autoris\\u00e9e pour un usage exclusivement interne, pour les seuls besoins propres de l\\u2019utilisateur et \\u00e0 la condition de mentionner la source de fa\\u00e7on claire et pr\\u00e9cise la source.<\\\/p>\\n\n\n\n<h4><span style=\\\"color: #ed973e;\\\">Cr\\u00e9dits photographiques<\\\/span><\\\/h4>\\nLes photographies pr\\u00e9sentes sur le site sont la propri\\u00e9t\\u00e9 de l\\u2019AGURAM sauf mentions contraires. Pour les utiliser, merci de bien vouloir nous contacter avant toute mise en ligne\\\/production et de toujours citer la source.<\\\/p>\\nLes illustrations de l\\u2019agence peuvent contenir une vue de l\\u2019immeuble Ecotech, dont l\\u2019architecte est M. Bruno Deschanels.<\\\/p>\\n\n\n\n<h4><span style=\\\"color: #ed973e;\\\">Liens hypertextes<\\\/span><\\\/h4>\\nL\\u2019AGURAM autorise la mise en place d\\u2019un lien hypertexte renvoyant vers son site Internet dans la mesure o\\u00f9 l\\u2019utilisateur pr\\u00e9vient l\\u2019agence par mail. Les informations utilis\\u00e9es ne doivent l\\u2019\\u00eatre qu\\u2019\\u00e0 des fins personnelles, associatives ou professionnelles.<\\\/p>\\nDe fa\\u00e7on g\\u00e9n\\u00e9rale, toute utilisation totale ou partielle du site \\u00e0 des fins commerciales ou publicitaires est strictement exclue.<\\\/p>\"}}]}]}]},{\"name\":\"NOUS TROUVER\",\"type\":\"section\",\"props\":{\"style\":\"muted\",\"width\":\"\",\"vertical_align\":\"middle\",\"title_position\":\"top-left\",\"title_rotation\":\"left\",\"title_breakpoint\":\"xl\",\"image_position\":\"center-center\",\"height\":\"expand\",\"padding\":\"none\",\"animation\":\"fade\"},\"children\":[{\"name\":\"\",\"type\":\"row\",\"props\":{\"fixed_width\":\"large\",\"breakpoint\":\"m\",\"layout\":\"1-1\"},\"children\":[{\"name\":\"\",\"type\":\"column\",\"props\":{\"widths\":[\"1-1\"],\"image_position\":\"center-center\"},\"children\":[{\"name\":\"MAP AGURAM\",\"type\":\"wordpress_widget\",\"props\":{\"menu_style\":\"nav\",\"widget\":\"widgetkit-6\",\"type\":\"widgetkit\"}}]}]}]}]} --><\/p>\n","protected":false},"excerpt":{"rendered":"<p>Mentions l\u00e9gales Status &amp; vocation L\u2019Agence d\u2019urbanisme d\u2019agglom\u00e9rations de Moselle est une association de droit local. Ses statuts\u00a0ont \u00e9t\u00e9 adopt\u00e9s par l\u2019assembl\u00e9e g\u00e9n\u00e9rale constitutive du 6 juillet 1974, puis modifi\u00e9s par les assembl\u00e9es g\u00e9n\u00e9rales extraordinaires du 19 avril 2002, du 18 mai 2004, du 12 f\u00e9vrier 2008 et du 25 juin 2014. L\u2019agence est membre [&hellip;]<\/p>\n","protected":false},"author":7,"featured_media":0,"parent":0,"menu_order":0,"comment_status":"closed","ping_status":"closed","template":"","meta":{"footnotes":""},"class_list":["post-1822","page","type-page","status-publish","hentry"],"_links":{"self":[{"href":"https:\/\/www.aguram.org\/aguram\/wp-json\/wp\/v2\/pages\/1822","targetHints":{"allow":["GET"]}}],"collection":[{"href":"https:\/\/www.aguram.org\/aguram\/wp-json\/wp\/v2\/pages"}],"about":[{"href":"https:\/\/www.aguram.org\/aguram\/wp-json\/wp\/v2\/types\/page"}],"author":[{"embeddable":true,"href":"https:\/\/www.aguram.org\/aguram\/wp-json\/wp\/v2\/users\/7"}],"replies":[{"embeddable":true,"href":"https:\/\/www.aguram.org\/aguram\/wp-json\/wp\/v2\/comments?post=1822"}],"version-history":[{"count":50,"href":"https:\/\/www.aguram.org\/aguram\/wp-json\/wp\/v2\/pages\/1822\/revisions"}],"predecessor-version":[{"id":8320,"href":"https:\/\/www.aguram.org\/aguram\/wp-json\/wp\/v2\/pages\/1822\/revisions\/8320"}],"wp:attachment":[{"href":"https:\/\/www.aguram.org\/aguram\/wp-json\/wp\/v2\/media?parent=1822"}],"curies":[{"name":"wp","href":"https:\/\/api.w.org\/{rel}","templated":true}]}}